{"id":7602,"date":"2019-01-16T13:56:46","date_gmt":"2019-01-16T12:56:46","guid":{"rendered":"https:\/\/pelopsgreekhouses.ontwikkelstatus.nl\/die-region\/koroni\/"},"modified":"2019-01-16T16:58:36","modified_gmt":"2019-01-16T15:58:36","slug":"koroni","status":"publish","type":"page","link":"https:\/\/pelopsgreekhouses.com\/de\/die-region\/koroni\/","title":{"rendered":"Koroni"},"content":{"rendered":"<h1>Koroni<\/h1>\n<p>K\u00f3roni, einer der sch\u00f6nsten K\u00fcstenorte der peloponnesischen Halbinsel, befindet sich ganz im Westen der Halbinsel. Der Ort liegt mitten in gr\u00fcner Landschaft mit vielen Weinbergen und Zypressen. Von diesem malerischen Ort aus, k\u00f6nnen Sie die h\u00f6her gelegene Festung und das Kloster sehen. Am pittoresken Hafen finden Sie eine Vielzahl gem\u00fctlicher Tavernen ein Tipp f\u00fcr eine entspannte Fischmahlzeit! An der anderen Seite des Berges liegt der weitl\u00e4ufige Strand Z\u00e1ga Beach.<\/p>\n<p><img loading=\"lazy\" decoding=\"async\" class=\"wp-image-7395 size-full alignleft\" src=\"https:\/\/pelopsgreekhouses.com\/wp-content\/uploads\/2019\/01\/Koroni-Village-Street-Pelops-Greekhouses.jpg\" alt=\"Koroni Village Street - Pelops Greekhouses\" width=\"849\" height=\"356\" srcset=\"https:\/\/pelopsgreekhouses.com\/wp-content\/uploads\/2019\/01\/Koroni-Village-Street-Pelops-Greekhouses.jpg 849w, https:\/\/pelopsgreekhouses.com\/wp-content\/uploads\/2019\/01\/Koroni-Village-Street-Pelops-Greekhouses-300x126.jpg 300w, https:\/\/pelopsgreekhouses.com\/wp-content\/uploads\/2019\/01\/Koroni-Village-Street-Pelops-Greekhouses-768x322.jpg 768w\" sizes=\"auto, (max-width: 849px) 100vw, 849px\" \/><\/p>\n","protected":false},"excerpt":{"rendered":"<p>Koroni K\u00f3roni, einer der sch\u00f6nsten K\u00fcstenorte der peloponnesischen Halbinsel, befindet sich ganz im Westen der Halbinsel. Der Ort&#8230;<\/p>\n","protected":false},"author":2,"featured_media":7400,"parent":7530,"menu_order":3,"comment_status":"closed","ping_status":"closed","template":"","meta":{"_acf_changed":false,"footnotes":""},"class_list":["post-7602","page","type-page","status-publish","has-post-thumbnail","hentry"],"acf":[],"yoast_head":"<!-- This site is optimized with the Yoast SEO plugin v27.4 - https:\/\/yoast.com\/product\/yoast-seo-wordpress\/ -->\n<title>Koroni - Pelops Greek Houses<\/title>\n<meta name=\"robots\" content=\"index, follow, max-snippet:-1, max-image-preview:large, max-video-preview:-1\" \/>\n<link rel=\"canonical\" href=\"https:\/\/pelopsgreekhouses.com\/de\/die-region\/koroni\/\" \/>\n<meta property=\"og:locale\" content=\"de_DE\" \/>\n<meta property=\"og:type\" content=\"article\" \/>\n<meta property=\"og:title\" content=\"Koroni - Pelops Greek Houses\" \/>\n<meta property=\"og:description\" content=\"Koroni K\u00f3roni, einer der sch\u00f6nsten K\u00fcstenorte der peloponnesischen Halbinsel, befindet sich ganz im Westen der Halbinsel. Der Ort...\" \/>\n<meta property=\"og:url\" content=\"https:\/\/pelopsgreekhouses.com\/de\/die-region\/koroni\/\" \/>\n<meta property=\"og:site_name\" content=\"Pelops Greek Houses\" \/>\n<meta property=\"article:modified_time\" content=\"2019-01-16T15:58:36+00:00\" \/>\n<meta property=\"og:image\" content=\"https:\/\/pelopsgreekhouses.com\/wp-content\/uploads\/2019\/01\/Koroni-Village-Seaview-Pelops-Greekhouses.jpg\" \/>\n\t<meta property=\"og:image:width\" content=\"849\" \/>\n\t<meta property=\"og:image:height\" content=\"356\" \/>\n\t<meta property=\"og:image:type\" content=\"image\/jpeg\" \/>\n<meta name=\"twitter:card\" content=\"summary_large_image\" \/>\n<script type=\"application\/ld+json\" class=\"yoast-schema-graph\">{\"@context\":\"https:\\\/\\\/schema.org\",\"@graph\":[{\"@type\":\"WebPage\",\"@id\":\"https:\\\/\\\/pelopsgreekhouses.com\\\/de\\\/die-region\\\/koroni\\\/\",\"url\":\"https:\\\/\\\/pelopsgreekhouses.com\\\/de\\\/die-region\\\/koroni\\\/\",\"name\":\"Koroni - Pelops Greek Houses\",\"isPartOf\":{\"@id\":\"https:\\\/\\\/pelopsgreekhouses.com\\\/de\\\/#website\"},\"primaryImageOfPage\":{\"@id\":\"https:\\\/\\\/pelopsgreekhouses.com\\\/de\\\/die-region\\\/koroni\\\/#primaryimage\"},\"image\":{\"@id\":\"https:\\\/\\\/pelopsgreekhouses.com\\\/de\\\/die-region\\\/koroni\\\/#primaryimage\"},\"thumbnailUrl\":\"https:\\\/\\\/pelopsgreekhouses.com\\\/wp-content\\\/uploads\\\/2019\\\/01\\\/Koroni-Village-Seaview-Pelops-Greekhouses.jpg\",\"datePublished\":\"2019-01-16T12:56:46+00:00\",\"dateModified\":\"2019-01-16T15:58:36+00:00\",\"breadcrumb\":{\"@id\":\"https:\\\/\\\/pelopsgreekhouses.com\\\/de\\\/die-region\\\/koroni\\\/#breadcrumb\"},\"inLanguage\":\"de\",\"potentialAction\":[{\"@type\":\"ReadAction\",\"target\":[\"https:\\\/\\\/pelopsgreekhouses.com\\\/de\\\/die-region\\\/koroni\\\/\"]}]},{\"@type\":\"ImageObject\",\"inLanguage\":\"de\",\"@id\":\"https:\\\/\\\/pelopsgreekhouses.com\\\/de\\\/die-region\\\/koroni\\\/#primaryimage\",\"url\":\"https:\\\/\\\/pelopsgreekhouses.com\\\/wp-content\\\/uploads\\\/2019\\\/01\\\/Koroni-Village-Seaview-Pelops-Greekhouses.jpg\",\"contentUrl\":\"https:\\\/\\\/pelopsgreekhouses.com\\\/wp-content\\\/uploads\\\/2019\\\/01\\\/Koroni-Village-Seaview-Pelops-Greekhouses.jpg\",\"width\":849,\"height\":356,\"caption\":\"Koroni Village Seaview - Pelops Greekhouses\"},{\"@type\":\"BreadcrumbList\",\"@id\":\"https:\\\/\\\/pelopsgreekhouses.com\\\/de\\\/die-region\\\/koroni\\\/#breadcrumb\",\"itemListElement\":[{\"@type\":\"ListItem\",\"position\":1,\"name\":\"Home\",\"item\":\"https:\\\/\\\/pelopsgreekhouses.com\\\/de\\\/\"},{\"@type\":\"ListItem\",\"position\":2,\"name\":\"Die Region\",\"item\":\"https:\\\/\\\/pelopsgreekhouses.com\\\/de\\\/die-region\\\/\"},{\"@type\":\"ListItem\",\"position\":3,\"name\":\"Koroni\"}]},{\"@type\":\"WebSite\",\"@id\":\"https:\\\/\\\/pelopsgreekhouses.com\\\/de\\\/#website\",\"url\":\"https:\\\/\\\/pelopsgreekhouses.com\\\/de\\\/\",\"name\":\"Pelops Greek Houses\",\"description\":\"Pelops Greek Houses biedt u deskundige begeleiding bij de aankoop van een tweede huis of bouwkavel in Griekenland.\",\"potentialAction\":[{\"@type\":\"SearchAction\",\"target\":{\"@type\":\"EntryPoint\",\"urlTemplate\":\"https:\\\/\\\/pelopsgreekhouses.com\\\/de\\\/?s={search_term_string}\"},\"query-input\":{\"@type\":\"PropertyValueSpecification\",\"valueRequired\":true,\"valueName\":\"search_term_string\"}}],\"inLanguage\":\"de\"}]}<\/script>\n<!-- \/ Yoast SEO plugin. -->","yoast_head_json":{"title":"Koroni - Pelops Greek Houses","robots":{"index":"index","follow":"follow","max-snippet":"max-snippet:-1","max-image-preview":"max-image-preview:large","max-video-preview":"max-video-preview:-1"},"canonical":"https:\/\/pelopsgreekhouses.com\/de\/die-region\/koroni\/","og_locale":"de_DE","og_type":"article","og_title":"Koroni - Pelops Greek Houses","og_description":"Koroni K\u00f3roni, einer der sch\u00f6nsten K\u00fcstenorte der peloponnesischen Halbinsel, befindet sich ganz im Westen der Halbinsel. Der Ort...","og_url":"https:\/\/pelopsgreekhouses.com\/de\/die-region\/koroni\/","og_site_name":"Pelops Greek Houses","article_modified_time":"2019-01-16T15:58:36+00:00","og_image":[{"width":849,"height":356,"url":"https:\/\/pelopsgreekhouses.com\/wp-content\/uploads\/2019\/01\/Koroni-Village-Seaview-Pelops-Greekhouses.jpg","type":"image\/jpeg"}],"twitter_card":"summary_large_image","schema":{"@context":"https:\/\/schema.org","@graph":[{"@type":"WebPage","@id":"https:\/\/pelopsgreekhouses.com\/de\/die-region\/koroni\/","url":"https:\/\/pelopsgreekhouses.com\/de\/die-region\/koroni\/","name":"Koroni - Pelops Greek Houses","isPartOf":{"@id":"https:\/\/pelopsgreekhouses.com\/de\/#website"},"primaryImageOfPage":{"@id":"https:\/\/pelopsgreekhouses.com\/de\/die-region\/koroni\/#primaryimage"},"image":{"@id":"https:\/\/pelopsgreekhouses.com\/de\/die-region\/koroni\/#primaryimage"},"thumbnailUrl":"https:\/\/pelopsgreekhouses.com\/wp-content\/uploads\/2019\/01\/Koroni-Village-Seaview-Pelops-Greekhouses.jpg","datePublished":"2019-01-16T12:56:46+00:00","dateModified":"2019-01-16T15:58:36+00:00","breadcrumb":{"@id":"https:\/\/pelopsgreekhouses.com\/de\/die-region\/koroni\/#breadcrumb"},"inLanguage":"de","potentialAction":[{"@type":"ReadAction","target":["https:\/\/pelopsgreekhouses.com\/de\/die-region\/koroni\/"]}]},{"@type":"ImageObject","inLanguage":"de","@id":"https:\/\/pelopsgreekhouses.com\/de\/die-region\/koroni\/#primaryimage","url":"https:\/\/pelopsgreekhouses.com\/wp-content\/uploads\/2019\/01\/Koroni-Village-Seaview-Pelops-Greekhouses.jpg","contentUrl":"https:\/\/pelopsgreekhouses.com\/wp-content\/uploads\/2019\/01\/Koroni-Village-Seaview-Pelops-Greekhouses.jpg","width":849,"height":356,"caption":"Koroni Village Seaview - Pelops Greekhouses"},{"@type":"BreadcrumbList","@id":"https:\/\/pelopsgreekhouses.com\/de\/die-region\/koroni\/#breadcrumb","itemListElement":[{"@type":"ListItem","position":1,"name":"Home","item":"https:\/\/pelopsgreekhouses.com\/de\/"},{"@type":"ListItem","position":2,"name":"Die Region","item":"https:\/\/pelopsgreekhouses.com\/de\/die-region\/"},{"@type":"ListItem","position":3,"name":"Koroni"}]},{"@type":"WebSite","@id":"https:\/\/pelopsgreekhouses.com\/de\/#website","url":"https:\/\/pelopsgreekhouses.com\/de\/","name":"Pelops Greek Houses","description":"Pelops Greek Houses biedt u deskundige begeleiding bij de aankoop van een tweede huis of bouwkavel in Griekenland.","potentialAction":[{"@type":"SearchAction","target":{"@type":"EntryPoint","urlTemplate":"https:\/\/pelopsgreekhouses.com\/de\/?s={search_term_string}"},"query-input":{"@type":"PropertyValueSpecification","valueRequired":true,"valueName":"search_term_string"}}],"inLanguage":"de"}]}},"_links":{"self":[{"href":"https:\/\/pelopsgreekhouses.com\/de\/wp-json\/wp\/v2\/pages\/7602","targetHints":{"allow":["GET"]}}],"collection":[{"href":"https:\/\/pelopsgreekhouses.com\/de\/wp-json\/wp\/v2\/pages"}],"about":[{"href":"https:\/\/pelopsgreekhouses.com\/de\/wp-json\/wp\/v2\/types\/page"}],"author":[{"embeddable":true,"href":"https:\/\/pelopsgreekhouses.com\/de\/wp-json\/wp\/v2\/users\/2"}],"replies":[{"embeddable":true,"href":"https:\/\/pelopsgreekhouses.com\/de\/wp-json\/wp\/v2\/comments?post=7602"}],"version-history":[{"count":0,"href":"https:\/\/pelopsgreekhouses.com\/de\/wp-json\/wp\/v2\/pages\/7602\/revisions"}],"up":[{"embeddable":true,"href":"https:\/\/pelopsgreekhouses.com\/de\/wp-json\/wp\/v2\/pages\/7530"}],"wp:featuredmedia":[{"embeddable":true,"href":"https:\/\/pelopsgreekhouses.com\/de\/wp-json\/wp\/v2\/media\/7400"}],"wp:attachment":[{"href":"https:\/\/pelopsgreekhouses.com\/de\/wp-json\/wp\/v2\/media?parent=7602"}],"curies":[{"name":"wp","href":"https:\/\/api.w.org\/{rel}","templated":true}]}}