{"id":7595,"date":"2019-01-16T14:18:28","date_gmt":"2019-01-16T13:18:28","guid":{"rendered":"https:\/\/pelopsgreekhouses.ontwikkelstatus.nl\/die-region\/costa-navarino\/"},"modified":"2020-08-17T10:46:04","modified_gmt":"2020-08-17T08:46:04","slug":"costa-navarino","status":"publish","type":"page","link":"https:\/\/pelopsgreekhouses.com\/de\/die-region\/costa-navarino\/","title":{"rendered":"Costa Navarino"},"content":{"rendered":"<h2>Luxuri\u00f6s Golf-Ferien-Resorts Costa Navarino<\/h2>\n<p>In der wundersch\u00f6nen mediterranen Landschaft ist jetzt der zweite von f\u00fcnf geplanten Projekte von Costa Navarino im Aufbau. Der bestehende &#8222;Navarino Dunes&#8220; bevindet sich in einer h\u00fcgeligen Gegend an der K\u00fcste mit den F\u00fcnf-Sterne-Hotels und Resorts, The Romanos und The Westin Resort zusammen mit dem 18-Loch-Dunes Course The Bay Course ist nach dem Dunes Course der zweiten Signatur Platz von Costa Navarino Resorts und Griechenland.<\/p>\n<p>The Bay Course ist ein wenig k\u00fcrzer als die Dunes Course. Auf dem Zeichenbrett gibt noch Navarino Blau was direkt am Wasser des Golfs von Messenien gebaut wird in der gegend von Petalidi, Navarino Hills mit einem Resort in den H\u00fcgeln und Navarino Residenzen f\u00fcr freistehende Villen zwischen allen Resorts gebaut.<\/p>\n<p>Lesen Sie mehr \u00fcber das Projekt Costa Navarino, oder besuchen Sie die Website <a href=\"http:\/\/www.costanavarino.com\" target=\"_blank\" rel=\"noopener noreferrer\">www.costanavarino.com<\/a><\/p>\n<p>Schauen Sie hier f\u00fcr Informationen \u00fcber weitere Entwicklungen.<br \/>\n<img loading=\"lazy\" decoding=\"async\" class=\"alignnone size-full wp-image-7483\" src=\"https:\/\/pelopsgreekhouses.com\/wp-content\/uploads\/2019\/01\/Costa-Navarino-Pelops-Greek-Houses.jpg\" alt=\"Costa Navarino - Pelops Greek Houses\" width=\"849\" height=\"356\" srcset=\"https:\/\/pelopsgreekhouses.com\/wp-content\/uploads\/2019\/01\/Costa-Navarino-Pelops-Greek-Houses.jpg 849w, https:\/\/pelopsgreekhouses.com\/wp-content\/uploads\/2019\/01\/Costa-Navarino-Pelops-Greek-Houses-300x126.jpg 300w, https:\/\/pelopsgreekhouses.com\/wp-content\/uploads\/2019\/01\/Costa-Navarino-Pelops-Greek-Houses-768x322.jpg 768w\" sizes=\"auto, (max-width: 849px) 100vw, 849px\" \/><\/p>\n","protected":false},"excerpt":{"rendered":"<p>Luxuri\u00f6s Golf-Ferien-Resorts Costa Navarino In der wundersch\u00f6nen mediterranen Landschaft ist jetzt der zweite von f\u00fcnf geplanten Projekte von&#8230;<\/p>\n","protected":false},"author":2,"featured_media":7481,"parent":7530,"menu_order":8,"comment_status":"closed","ping_status":"closed","template":"","meta":{"_acf_changed":false,"footnotes":""},"class_list":["post-7595","page","type-page","status-publish","has-post-thumbnail","hentry"],"acf":[],"yoast_head":"<!-- This site is optimized with the Yoast SEO plugin v27.4 - https:\/\/yoast.com\/product\/yoast-seo-wordpress\/ -->\n<title>Costa Navarino - Pelops Greek Houses<\/title>\n<meta name=\"robots\" content=\"index, follow, max-snippet:-1, max-image-preview:large, max-video-preview:-1\" \/>\n<link rel=\"canonical\" href=\"https:\/\/pelopsgreekhouses.com\/de\/die-region\/costa-navarino\/\" \/>\n<meta property=\"og:locale\" content=\"de_DE\" \/>\n<meta property=\"og:type\" content=\"article\" \/>\n<meta property=\"og:title\" content=\"Costa Navarino - Pelops Greek Houses\" \/>\n<meta property=\"og:description\" content=\"Luxuri\u00f6s Golf-Ferien-Resorts Costa Navarino In der wundersch\u00f6nen mediterranen Landschaft ist jetzt der zweite von f\u00fcnf geplanten Projekte von...\" \/>\n<meta property=\"og:url\" content=\"https:\/\/pelopsgreekhouses.com\/de\/die-region\/costa-navarino\/\" \/>\n<meta property=\"og:site_name\" content=\"Pelops Greek Houses\" \/>\n<meta property=\"article:modified_time\" content=\"2020-08-17T08:46:04+00:00\" \/>\n<meta property=\"og:image\" content=\"https:\/\/pelopsgreekhouses.com\/wp-content\/uploads\/2019\/01\/Golfcourt-Navarine-Pelops-Greek-Houses.jpg\" \/>\n\t<meta property=\"og:image:width\" content=\"849\" \/>\n\t<meta property=\"og:image:height\" content=\"356\" \/>\n\t<meta property=\"og:image:type\" content=\"image\/jpeg\" \/>\n<meta name=\"twitter:card\" content=\"summary_large_image\" \/>\n<meta name=\"twitter:label1\" content=\"Gesch\u00e4tzte Lesezeit\" \/>\n\t<meta name=\"twitter:data1\" content=\"1\u00a0Minute\" \/>\n<script type=\"application\/ld+json\" class=\"yoast-schema-graph\">{\"@context\":\"https:\\\/\\\/schema.org\",\"@graph\":[{\"@type\":\"WebPage\",\"@id\":\"https:\\\/\\\/pelopsgreekhouses.com\\\/de\\\/die-region\\\/costa-navarino\\\/\",\"url\":\"https:\\\/\\\/pelopsgreekhouses.com\\\/de\\\/die-region\\\/costa-navarino\\\/\",\"name\":\"Costa Navarino - Pelops Greek Houses\",\"isPartOf\":{\"@id\":\"https:\\\/\\\/pelopsgreekhouses.com\\\/de\\\/#website\"},\"primaryImageOfPage\":{\"@id\":\"https:\\\/\\\/pelopsgreekhouses.com\\\/de\\\/die-region\\\/costa-navarino\\\/#primaryimage\"},\"image\":{\"@id\":\"https:\\\/\\\/pelopsgreekhouses.com\\\/de\\\/die-region\\\/costa-navarino\\\/#primaryimage\"},\"thumbnailUrl\":\"https:\\\/\\\/pelopsgreekhouses.com\\\/wp-content\\\/uploads\\\/2019\\\/01\\\/Golfcourt-Navarine-Pelops-Greek-Houses.jpg\",\"datePublished\":\"2019-01-16T13:18:28+00:00\",\"dateModified\":\"2020-08-17T08:46:04+00:00\",\"breadcrumb\":{\"@id\":\"https:\\\/\\\/pelopsgreekhouses.com\\\/de\\\/die-region\\\/costa-navarino\\\/#breadcrumb\"},\"inLanguage\":\"de\",\"potentialAction\":[{\"@type\":\"ReadAction\",\"target\":[\"https:\\\/\\\/pelopsgreekhouses.com\\\/de\\\/die-region\\\/costa-navarino\\\/\"]}]},{\"@type\":\"ImageObject\",\"inLanguage\":\"de\",\"@id\":\"https:\\\/\\\/pelopsgreekhouses.com\\\/de\\\/die-region\\\/costa-navarino\\\/#primaryimage\",\"url\":\"https:\\\/\\\/pelopsgreekhouses.com\\\/wp-content\\\/uploads\\\/2019\\\/01\\\/Golfcourt-Navarine-Pelops-Greek-Houses.jpg\",\"contentUrl\":\"https:\\\/\\\/pelopsgreekhouses.com\\\/wp-content\\\/uploads\\\/2019\\\/01\\\/Golfcourt-Navarine-Pelops-Greek-Houses.jpg\",\"width\":849,\"height\":356,\"caption\":\"Costa Navarino - Pelops Greek Houses\"},{\"@type\":\"BreadcrumbList\",\"@id\":\"https:\\\/\\\/pelopsgreekhouses.com\\\/de\\\/die-region\\\/costa-navarino\\\/#breadcrumb\",\"itemListElement\":[{\"@type\":\"ListItem\",\"position\":1,\"name\":\"Home\",\"item\":\"https:\\\/\\\/pelopsgreekhouses.com\\\/de\\\/\"},{\"@type\":\"ListItem\",\"position\":2,\"name\":\"Die Region\",\"item\":\"https:\\\/\\\/pelopsgreekhouses.com\\\/de\\\/die-region\\\/\"},{\"@type\":\"ListItem\",\"position\":3,\"name\":\"Costa Navarino\"}]},{\"@type\":\"WebSite\",\"@id\":\"https:\\\/\\\/pelopsgreekhouses.com\\\/de\\\/#website\",\"url\":\"https:\\\/\\\/pelopsgreekhouses.com\\\/de\\\/\",\"name\":\"Pelops Greek Houses\",\"description\":\"Pelops Greek Houses biedt u deskundige begeleiding bij de aankoop van een tweede huis of bouwkavel in Griekenland.\",\"potentialAction\":[{\"@type\":\"SearchAction\",\"target\":{\"@type\":\"EntryPoint\",\"urlTemplate\":\"https:\\\/\\\/pelopsgreekhouses.com\\\/de\\\/?s={search_term_string}\"},\"query-input\":{\"@type\":\"PropertyValueSpecification\",\"valueRequired\":true,\"valueName\":\"search_term_string\"}}],\"inLanguage\":\"de\"}]}<\/script>\n<!-- \/ Yoast SEO plugin. -->","yoast_head_json":{"title":"Costa Navarino - Pelops Greek Houses","robots":{"index":"index","follow":"follow","max-snippet":"max-snippet:-1","max-image-preview":"max-image-preview:large","max-video-preview":"max-video-preview:-1"},"canonical":"https:\/\/pelopsgreekhouses.com\/de\/die-region\/costa-navarino\/","og_locale":"de_DE","og_type":"article","og_title":"Costa Navarino - Pelops Greek Houses","og_description":"Luxuri\u00f6s Golf-Ferien-Resorts Costa Navarino In der wundersch\u00f6nen mediterranen Landschaft ist jetzt der zweite von f\u00fcnf geplanten Projekte von...","og_url":"https:\/\/pelopsgreekhouses.com\/de\/die-region\/costa-navarino\/","og_site_name":"Pelops Greek Houses","article_modified_time":"2020-08-17T08:46:04+00:00","og_image":[{"width":849,"height":356,"url":"https:\/\/pelopsgreekhouses.com\/wp-content\/uploads\/2019\/01\/Golfcourt-Navarine-Pelops-Greek-Houses.jpg","type":"image\/jpeg"}],"twitter_card":"summary_large_image","twitter_misc":{"Gesch\u00e4tzte Lesezeit":"1\u00a0Minute"},"schema":{"@context":"https:\/\/schema.org","@graph":[{"@type":"WebPage","@id":"https:\/\/pelopsgreekhouses.com\/de\/die-region\/costa-navarino\/","url":"https:\/\/pelopsgreekhouses.com\/de\/die-region\/costa-navarino\/","name":"Costa Navarino - Pelops Greek Houses","isPartOf":{"@id":"https:\/\/pelopsgreekhouses.com\/de\/#website"},"primaryImageOfPage":{"@id":"https:\/\/pelopsgreekhouses.com\/de\/die-region\/costa-navarino\/#primaryimage"},"image":{"@id":"https:\/\/pelopsgreekhouses.com\/de\/die-region\/costa-navarino\/#primaryimage"},"thumbnailUrl":"https:\/\/pelopsgreekhouses.com\/wp-content\/uploads\/2019\/01\/Golfcourt-Navarine-Pelops-Greek-Houses.jpg","datePublished":"2019-01-16T13:18:28+00:00","dateModified":"2020-08-17T08:46:04+00:00","breadcrumb":{"@id":"https:\/\/pelopsgreekhouses.com\/de\/die-region\/costa-navarino\/#breadcrumb"},"inLanguage":"de","potentialAction":[{"@type":"ReadAction","target":["https:\/\/pelopsgreekhouses.com\/de\/die-region\/costa-navarino\/"]}]},{"@type":"ImageObject","inLanguage":"de","@id":"https:\/\/pelopsgreekhouses.com\/de\/die-region\/costa-navarino\/#primaryimage","url":"https:\/\/pelopsgreekhouses.com\/wp-content\/uploads\/2019\/01\/Golfcourt-Navarine-Pelops-Greek-Houses.jpg","contentUrl":"https:\/\/pelopsgreekhouses.com\/wp-content\/uploads\/2019\/01\/Golfcourt-Navarine-Pelops-Greek-Houses.jpg","width":849,"height":356,"caption":"Costa Navarino - Pelops Greek Houses"},{"@type":"BreadcrumbList","@id":"https:\/\/pelopsgreekhouses.com\/de\/die-region\/costa-navarino\/#breadcrumb","itemListElement":[{"@type":"ListItem","position":1,"name":"Home","item":"https:\/\/pelopsgreekhouses.com\/de\/"},{"@type":"ListItem","position":2,"name":"Die Region","item":"https:\/\/pelopsgreekhouses.com\/de\/die-region\/"},{"@type":"ListItem","position":3,"name":"Costa Navarino"}]},{"@type":"WebSite","@id":"https:\/\/pelopsgreekhouses.com\/de\/#website","url":"https:\/\/pelopsgreekhouses.com\/de\/","name":"Pelops Greek Houses","description":"Pelops Greek Houses biedt u deskundige begeleiding bij de aankoop van een tweede huis of bouwkavel in Griekenland.","potentialAction":[{"@type":"SearchAction","target":{"@type":"EntryPoint","urlTemplate":"https:\/\/pelopsgreekhouses.com\/de\/?s={search_term_string}"},"query-input":{"@type":"PropertyValueSpecification","valueRequired":true,"valueName":"search_term_string"}}],"inLanguage":"de"}]}},"_links":{"self":[{"href":"https:\/\/pelopsgreekhouses.com\/de\/wp-json\/wp\/v2\/pages\/7595","targetHints":{"allow":["GET"]}}],"collection":[{"href":"https:\/\/pelopsgreekhouses.com\/de\/wp-json\/wp\/v2\/pages"}],"about":[{"href":"https:\/\/pelopsgreekhouses.com\/de\/wp-json\/wp\/v2\/types\/page"}],"author":[{"embeddable":true,"href":"https:\/\/pelopsgreekhouses.com\/de\/wp-json\/wp\/v2\/users\/2"}],"replies":[{"embeddable":true,"href":"https:\/\/pelopsgreekhouses.com\/de\/wp-json\/wp\/v2\/comments?post=7595"}],"version-history":[{"count":0,"href":"https:\/\/pelopsgreekhouses.com\/de\/wp-json\/wp\/v2\/pages\/7595\/revisions"}],"up":[{"embeddable":true,"href":"https:\/\/pelopsgreekhouses.com\/de\/wp-json\/wp\/v2\/pages\/7530"}],"wp:featuredmedia":[{"embeddable":true,"href":"https:\/\/pelopsgreekhouses.com\/de\/wp-json\/wp\/v2\/media\/7481"}],"wp:attachment":[{"href":"https:\/\/pelopsgreekhouses.com\/de\/wp-json\/wp\/v2\/media?parent=7595"}],"curies":[{"name":"wp","href":"https:\/\/api.w.org\/{rel}","templated":true}]}}