{"id":7583,"date":"2019-01-16T14:15:09","date_gmt":"2019-01-16T13:15:09","guid":{"rendered":"https:\/\/pelopsgreekhouses.ontwikkelstatus.nl\/die-region\/pylos\/"},"modified":"2019-01-16T16:53:02","modified_gmt":"2019-01-16T15:53:02","slug":"pylos","status":"publish","type":"page","link":"https:\/\/pelopsgreekhouses.com\/de\/die-region\/pylos\/","title":{"rendered":"Pylos"},"content":{"rendered":"<h1>Pylos<\/h1>\n<p>Diese Stadt liegt in der Bucht von Navar\u00edno. Wenn Sie die Stadt betreten, ist der Ausblick atemberaubend. Die l\u00e4ngliche Insel Sfaktir\u00eda liegt imposant und besch\u00fctzend vor der Bucht und formt so einen der gr\u00f6\u00dften nat\u00fcrlichen H\u00e4fen des Mittelmeeres. Der lauschige Hafen von Pylos hat einen lebhaften Platz mit zwei riesigen Platanen, unter denen man sich herrlich entspannen kann und das griechische Leben rund um diesen Platz genie\u00dfen kann.<\/p>\n<p><img loading=\"lazy\" decoding=\"async\" class=\"alignnone size-full wp-image-7458\" src=\"https:\/\/pelopsgreekhouses.com\/wp-content\/uploads\/2019\/01\/Pylos-Boat-in-Harbour-Pelops-Greek-Houses.jpg\" alt=\"Pylos Boat in Harbour - Pelops Greek Houses\" width=\"849\" height=\"356\" srcset=\"https:\/\/pelopsgreekhouses.com\/wp-content\/uploads\/2019\/01\/Pylos-Boat-in-Harbour-Pelops-Greek-Houses.jpg 849w, https:\/\/pelopsgreekhouses.com\/wp-content\/uploads\/2019\/01\/Pylos-Boat-in-Harbour-Pelops-Greek-Houses-300x126.jpg 300w, https:\/\/pelopsgreekhouses.com\/wp-content\/uploads\/2019\/01\/Pylos-Boat-in-Harbour-Pelops-Greek-Houses-768x322.jpg 768w\" sizes=\"auto, (max-width: 849px) 100vw, 849px\" \/><\/p>\n","protected":false},"excerpt":{"rendered":"<p>Pylos Diese Stadt liegt in der Bucht von Navar\u00edno. Wenn Sie die Stadt betreten, ist der Ausblick atemberaubend&#8230;.<\/p>\n","protected":false},"author":2,"featured_media":7457,"parent":7530,"menu_order":6,"comment_status":"closed","ping_status":"closed","template":"","meta":{"_acf_changed":false,"footnotes":""},"class_list":["post-7583","page","type-page","status-publish","has-post-thumbnail","hentry"],"acf":[],"yoast_head":"<!-- This site is optimized with the Yoast SEO plugin v27.3 - https:\/\/yoast.com\/product\/yoast-seo-wordpress\/ -->\n<title>Pylos - Pelops Greek Houses<\/title>\n<meta name=\"robots\" content=\"index, follow, max-snippet:-1, max-image-preview:large, max-video-preview:-1\" \/>\n<link rel=\"canonical\" href=\"https:\/\/pelopsgreekhouses.com\/de\/die-region\/pylos\/\" \/>\n<meta property=\"og:locale\" content=\"de_DE\" \/>\n<meta property=\"og:type\" content=\"article\" \/>\n<meta property=\"og:title\" content=\"Pylos - Pelops Greek Houses\" \/>\n<meta property=\"og:description\" content=\"Pylos Diese Stadt liegt in der Bucht von Navar\u00edno. Wenn Sie die Stadt betreten, ist der Ausblick atemberaubend....\" \/>\n<meta property=\"og:url\" content=\"https:\/\/pelopsgreekhouses.com\/de\/die-region\/pylos\/\" \/>\n<meta property=\"og:site_name\" content=\"Pelops Greek Houses\" \/>\n<meta property=\"article:modified_time\" content=\"2019-01-16T15:53:02+00:00\" \/>\n<meta property=\"og:image\" content=\"https:\/\/pelopsgreekhouses.com\/wp-content\/uploads\/2019\/01\/Pylos-Village-Seaview-Pelops-Greek-Houses.jpg\" \/>\n\t<meta property=\"og:image:width\" content=\"849\" \/>\n\t<meta property=\"og:image:height\" content=\"356\" \/>\n\t<meta property=\"og:image:type\" content=\"image\/jpeg\" \/>\n<meta name=\"twitter:card\" content=\"summary_large_image\" \/>\n<script type=\"application\/ld+json\" class=\"yoast-schema-graph\">{\"@context\":\"https:\\\/\\\/schema.org\",\"@graph\":[{\"@type\":\"WebPage\",\"@id\":\"https:\\\/\\\/pelopsgreekhouses.com\\\/de\\\/die-region\\\/pylos\\\/\",\"url\":\"https:\\\/\\\/pelopsgreekhouses.com\\\/de\\\/die-region\\\/pylos\\\/\",\"name\":\"Pylos - Pelops Greek Houses\",\"isPartOf\":{\"@id\":\"https:\\\/\\\/pelopsgreekhouses.com\\\/de\\\/#website\"},\"primaryImageOfPage\":{\"@id\":\"https:\\\/\\\/pelopsgreekhouses.com\\\/de\\\/die-region\\\/pylos\\\/#primaryimage\"},\"image\":{\"@id\":\"https:\\\/\\\/pelopsgreekhouses.com\\\/de\\\/die-region\\\/pylos\\\/#primaryimage\"},\"thumbnailUrl\":\"https:\\\/\\\/pelopsgreekhouses.com\\\/wp-content\\\/uploads\\\/2019\\\/01\\\/Pylos-Village-Seaview-Pelops-Greek-Houses.jpg\",\"datePublished\":\"2019-01-16T13:15:09+00:00\",\"dateModified\":\"2019-01-16T15:53:02+00:00\",\"breadcrumb\":{\"@id\":\"https:\\\/\\\/pelopsgreekhouses.com\\\/de\\\/die-region\\\/pylos\\\/#breadcrumb\"},\"inLanguage\":\"de\",\"potentialAction\":[{\"@type\":\"ReadAction\",\"target\":[\"https:\\\/\\\/pelopsgreekhouses.com\\\/de\\\/die-region\\\/pylos\\\/\"]}]},{\"@type\":\"ImageObject\",\"inLanguage\":\"de\",\"@id\":\"https:\\\/\\\/pelopsgreekhouses.com\\\/de\\\/die-region\\\/pylos\\\/#primaryimage\",\"url\":\"https:\\\/\\\/pelopsgreekhouses.com\\\/wp-content\\\/uploads\\\/2019\\\/01\\\/Pylos-Village-Seaview-Pelops-Greek-Houses.jpg\",\"contentUrl\":\"https:\\\/\\\/pelopsgreekhouses.com\\\/wp-content\\\/uploads\\\/2019\\\/01\\\/Pylos-Village-Seaview-Pelops-Greek-Houses.jpg\",\"width\":849,\"height\":356,\"caption\":\"Pylos Village Seaview - Pelops Greek Houses\"},{\"@type\":\"BreadcrumbList\",\"@id\":\"https:\\\/\\\/pelopsgreekhouses.com\\\/de\\\/die-region\\\/pylos\\\/#breadcrumb\",\"itemListElement\":[{\"@type\":\"ListItem\",\"position\":1,\"name\":\"Home\",\"item\":\"https:\\\/\\\/pelopsgreekhouses.com\\\/de\\\/\"},{\"@type\":\"ListItem\",\"position\":2,\"name\":\"Die Region\",\"item\":\"https:\\\/\\\/pelopsgreekhouses.com\\\/de\\\/die-region\\\/\"},{\"@type\":\"ListItem\",\"position\":3,\"name\":\"Pylos\"}]},{\"@type\":\"WebSite\",\"@id\":\"https:\\\/\\\/pelopsgreekhouses.com\\\/de\\\/#website\",\"url\":\"https:\\\/\\\/pelopsgreekhouses.com\\\/de\\\/\",\"name\":\"Pelops Greek Houses\",\"description\":\"Pelops Greek Houses biedt u deskundige begeleiding bij de aankoop van een tweede huis of bouwkavel in Griekenland.\",\"potentialAction\":[{\"@type\":\"SearchAction\",\"target\":{\"@type\":\"EntryPoint\",\"urlTemplate\":\"https:\\\/\\\/pelopsgreekhouses.com\\\/de\\\/?s={search_term_string}\"},\"query-input\":{\"@type\":\"PropertyValueSpecification\",\"valueRequired\":true,\"valueName\":\"search_term_string\"}}],\"inLanguage\":\"de\"}]}<\/script>\n<!-- \/ Yoast SEO plugin. -->","yoast_head_json":{"title":"Pylos - Pelops Greek Houses","robots":{"index":"index","follow":"follow","max-snippet":"max-snippet:-1","max-image-preview":"max-image-preview:large","max-video-preview":"max-video-preview:-1"},"canonical":"https:\/\/pelopsgreekhouses.com\/de\/die-region\/pylos\/","og_locale":"de_DE","og_type":"article","og_title":"Pylos - Pelops Greek Houses","og_description":"Pylos Diese Stadt liegt in der Bucht von Navar\u00edno. Wenn Sie die Stadt betreten, ist der Ausblick atemberaubend....","og_url":"https:\/\/pelopsgreekhouses.com\/de\/die-region\/pylos\/","og_site_name":"Pelops Greek Houses","article_modified_time":"2019-01-16T15:53:02+00:00","og_image":[{"width":849,"height":356,"url":"https:\/\/pelopsgreekhouses.com\/wp-content\/uploads\/2019\/01\/Pylos-Village-Seaview-Pelops-Greek-Houses.jpg","type":"image\/jpeg"}],"twitter_card":"summary_large_image","schema":{"@context":"https:\/\/schema.org","@graph":[{"@type":"WebPage","@id":"https:\/\/pelopsgreekhouses.com\/de\/die-region\/pylos\/","url":"https:\/\/pelopsgreekhouses.com\/de\/die-region\/pylos\/","name":"Pylos - Pelops Greek Houses","isPartOf":{"@id":"https:\/\/pelopsgreekhouses.com\/de\/#website"},"primaryImageOfPage":{"@id":"https:\/\/pelopsgreekhouses.com\/de\/die-region\/pylos\/#primaryimage"},"image":{"@id":"https:\/\/pelopsgreekhouses.com\/de\/die-region\/pylos\/#primaryimage"},"thumbnailUrl":"https:\/\/pelopsgreekhouses.com\/wp-content\/uploads\/2019\/01\/Pylos-Village-Seaview-Pelops-Greek-Houses.jpg","datePublished":"2019-01-16T13:15:09+00:00","dateModified":"2019-01-16T15:53:02+00:00","breadcrumb":{"@id":"https:\/\/pelopsgreekhouses.com\/de\/die-region\/pylos\/#breadcrumb"},"inLanguage":"de","potentialAction":[{"@type":"ReadAction","target":["https:\/\/pelopsgreekhouses.com\/de\/die-region\/pylos\/"]}]},{"@type":"ImageObject","inLanguage":"de","@id":"https:\/\/pelopsgreekhouses.com\/de\/die-region\/pylos\/#primaryimage","url":"https:\/\/pelopsgreekhouses.com\/wp-content\/uploads\/2019\/01\/Pylos-Village-Seaview-Pelops-Greek-Houses.jpg","contentUrl":"https:\/\/pelopsgreekhouses.com\/wp-content\/uploads\/2019\/01\/Pylos-Village-Seaview-Pelops-Greek-Houses.jpg","width":849,"height":356,"caption":"Pylos Village Seaview - Pelops Greek Houses"},{"@type":"BreadcrumbList","@id":"https:\/\/pelopsgreekhouses.com\/de\/die-region\/pylos\/#breadcrumb","itemListElement":[{"@type":"ListItem","position":1,"name":"Home","item":"https:\/\/pelopsgreekhouses.com\/de\/"},{"@type":"ListItem","position":2,"name":"Die Region","item":"https:\/\/pelopsgreekhouses.com\/de\/die-region\/"},{"@type":"ListItem","position":3,"name":"Pylos"}]},{"@type":"WebSite","@id":"https:\/\/pelopsgreekhouses.com\/de\/#website","url":"https:\/\/pelopsgreekhouses.com\/de\/","name":"Pelops Greek Houses","description":"Pelops Greek Houses biedt u deskundige begeleiding bij de aankoop van een tweede huis of bouwkavel in Griekenland.","potentialAction":[{"@type":"SearchAction","target":{"@type":"EntryPoint","urlTemplate":"https:\/\/pelopsgreekhouses.com\/de\/?s={search_term_string}"},"query-input":{"@type":"PropertyValueSpecification","valueRequired":true,"valueName":"search_term_string"}}],"inLanguage":"de"}]}},"_links":{"self":[{"href":"https:\/\/pelopsgreekhouses.com\/de\/wp-json\/wp\/v2\/pages\/7583","targetHints":{"allow":["GET"]}}],"collection":[{"href":"https:\/\/pelopsgreekhouses.com\/de\/wp-json\/wp\/v2\/pages"}],"about":[{"href":"https:\/\/pelopsgreekhouses.com\/de\/wp-json\/wp\/v2\/types\/page"}],"author":[{"embeddable":true,"href":"https:\/\/pelopsgreekhouses.com\/de\/wp-json\/wp\/v2\/users\/2"}],"replies":[{"embeddable":true,"href":"https:\/\/pelopsgreekhouses.com\/de\/wp-json\/wp\/v2\/comments?post=7583"}],"version-history":[{"count":0,"href":"https:\/\/pelopsgreekhouses.com\/de\/wp-json\/wp\/v2\/pages\/7583\/revisions"}],"up":[{"embeddable":true,"href":"https:\/\/pelopsgreekhouses.com\/de\/wp-json\/wp\/v2\/pages\/7530"}],"wp:featuredmedia":[{"embeddable":true,"href":"https:\/\/pelopsgreekhouses.com\/de\/wp-json\/wp\/v2\/media\/7457"}],"wp:attachment":[{"href":"https:\/\/pelopsgreekhouses.com\/de\/wp-json\/wp\/v2\/media?parent=7583"}],"curies":[{"name":"wp","href":"https:\/\/api.w.org\/{rel}","templated":true}]}}