{"id":7568,"date":"2019-01-16T14:09:03","date_gmt":"2019-01-16T13:09:03","guid":{"rendered":"https:\/\/pelopsgreekhouses.ontwikkelstatus.nl\/die-region\/finikounda\/"},"modified":"2019-01-16T16:48:56","modified_gmt":"2019-01-16T15:48:56","slug":"finikounda","status":"publish","type":"page","link":"https:\/\/pelopsgreekhouses.com\/de\/die-region\/finikounda\/","title":{"rendered":"Finikounda"},"content":{"rendered":"<h1>Finikounda<\/h1>\n<p>Das Dorf F\u00ednikounda liegt inmitten von wundersch\u00f6nen Weinbergen und Feldern. Sowohl unter Einheimischen als auch unter Besuchern ist das Meer ein beliebter Badeort. In den Tavernen am Strand k\u00f6nnen Sie die lokale Spezialit\u00e4t genie\u00dfen: Gegrillte Sardinen, gef\u00fcllt mit Pfefferminze und Knoblauch!<br \/>\nFinikounda online entdecken: <a href=\"http:\/\/www.finikounda-online.de\" target=\"_blank\" rel=\"noopener\">www.finikounda-online.de<\/a><\/p>\n<p><img loading=\"lazy\" decoding=\"async\" class=\"alignnone size-full wp-image-7429\" src=\"https:\/\/pelopsgreekhouses.com\/wp-content\/uploads\/2019\/01\/Beach-Finiki-Lambas-Pelops-Greek-Houses.jpg\" alt=\"Beach Finiki Lambas - Pelops Greek Houses\" width=\"849\" height=\"356\" srcset=\"https:\/\/pelopsgreekhouses.com\/wp-content\/uploads\/2019\/01\/Beach-Finiki-Lambas-Pelops-Greek-Houses.jpg 849w, https:\/\/pelopsgreekhouses.com\/wp-content\/uploads\/2019\/01\/Beach-Finiki-Lambas-Pelops-Greek-Houses-300x126.jpg 300w, https:\/\/pelopsgreekhouses.com\/wp-content\/uploads\/2019\/01\/Beach-Finiki-Lambas-Pelops-Greek-Houses-768x322.jpg 768w\" sizes=\"auto, (max-width: 849px) 100vw, 849px\" \/><\/p>\n","protected":false},"excerpt":{"rendered":"<p>Finikounda Das Dorf F\u00ednikounda liegt inmitten von wundersch\u00f6nen Weinbergen und Feldern. Sowohl unter Einheimischen als auch unter Besuchern&#8230;<\/p>\n","protected":false},"author":2,"featured_media":7437,"parent":7530,"menu_order":4,"comment_status":"closed","ping_status":"closed","template":"","meta":{"_acf_changed":false,"footnotes":""},"class_list":["post-7568","page","type-page","status-publish","has-post-thumbnail","hentry"],"acf":[],"yoast_head":"<!-- This site is optimized with the Yoast SEO plugin v27.4 - https:\/\/yoast.com\/product\/yoast-seo-wordpress\/ -->\n<title>Finikounda - Pelops Greek Houses<\/title>\n<meta name=\"robots\" content=\"index, follow, max-snippet:-1, max-image-preview:large, max-video-preview:-1\" \/>\n<link rel=\"canonical\" href=\"https:\/\/pelopsgreekhouses.com\/de\/die-region\/finikounda\/\" \/>\n<meta property=\"og:locale\" content=\"de_DE\" \/>\n<meta property=\"og:type\" content=\"article\" \/>\n<meta property=\"og:title\" content=\"Finikounda - Pelops Greek Houses\" \/>\n<meta property=\"og:description\" content=\"Finikounda Das Dorf F\u00ednikounda liegt inmitten von wundersch\u00f6nen Weinbergen und Feldern. Sowohl unter Einheimischen als auch unter Besuchern...\" \/>\n<meta property=\"og:url\" content=\"https:\/\/pelopsgreekhouses.com\/de\/die-region\/finikounda\/\" \/>\n<meta property=\"og:site_name\" content=\"Pelops Greek Houses\" \/>\n<meta property=\"article:modified_time\" content=\"2019-01-16T15:48:56+00:00\" \/>\n<meta property=\"og:image\" content=\"https:\/\/pelopsgreekhouses.com\/wp-content\/uploads\/2019\/01\/Finikounda-Harbour-Pelops-Greek-Houses-1.jpg\" \/>\n\t<meta property=\"og:image:width\" content=\"849\" \/>\n\t<meta property=\"og:image:height\" content=\"356\" \/>\n\t<meta property=\"og:image:type\" content=\"image\/jpeg\" \/>\n<meta name=\"twitter:card\" content=\"summary_large_image\" \/>\n<script type=\"application\/ld+json\" class=\"yoast-schema-graph\">{\"@context\":\"https:\\\/\\\/schema.org\",\"@graph\":[{\"@type\":\"WebPage\",\"@id\":\"https:\\\/\\\/pelopsgreekhouses.com\\\/de\\\/die-region\\\/finikounda\\\/\",\"url\":\"https:\\\/\\\/pelopsgreekhouses.com\\\/de\\\/die-region\\\/finikounda\\\/\",\"name\":\"Finikounda - Pelops Greek Houses\",\"isPartOf\":{\"@id\":\"https:\\\/\\\/pelopsgreekhouses.com\\\/de\\\/#website\"},\"primaryImageOfPage\":{\"@id\":\"https:\\\/\\\/pelopsgreekhouses.com\\\/de\\\/die-region\\\/finikounda\\\/#primaryimage\"},\"image\":{\"@id\":\"https:\\\/\\\/pelopsgreekhouses.com\\\/de\\\/die-region\\\/finikounda\\\/#primaryimage\"},\"thumbnailUrl\":\"https:\\\/\\\/pelopsgreekhouses.com\\\/wp-content\\\/uploads\\\/2019\\\/01\\\/Finikounda-Harbour-Pelops-Greek-Houses-1.jpg\",\"datePublished\":\"2019-01-16T13:09:03+00:00\",\"dateModified\":\"2019-01-16T15:48:56+00:00\",\"breadcrumb\":{\"@id\":\"https:\\\/\\\/pelopsgreekhouses.com\\\/de\\\/die-region\\\/finikounda\\\/#breadcrumb\"},\"inLanguage\":\"de\",\"potentialAction\":[{\"@type\":\"ReadAction\",\"target\":[\"https:\\\/\\\/pelopsgreekhouses.com\\\/de\\\/die-region\\\/finikounda\\\/\"]}]},{\"@type\":\"ImageObject\",\"inLanguage\":\"de\",\"@id\":\"https:\\\/\\\/pelopsgreekhouses.com\\\/de\\\/die-region\\\/finikounda\\\/#primaryimage\",\"url\":\"https:\\\/\\\/pelopsgreekhouses.com\\\/wp-content\\\/uploads\\\/2019\\\/01\\\/Finikounda-Harbour-Pelops-Greek-Houses-1.jpg\",\"contentUrl\":\"https:\\\/\\\/pelopsgreekhouses.com\\\/wp-content\\\/uploads\\\/2019\\\/01\\\/Finikounda-Harbour-Pelops-Greek-Houses-1.jpg\",\"width\":849,\"height\":356,\"caption\":\"OLYMPUS DIGITAL CAMERA\"},{\"@type\":\"BreadcrumbList\",\"@id\":\"https:\\\/\\\/pelopsgreekhouses.com\\\/de\\\/die-region\\\/finikounda\\\/#breadcrumb\",\"itemListElement\":[{\"@type\":\"ListItem\",\"position\":1,\"name\":\"Home\",\"item\":\"https:\\\/\\\/pelopsgreekhouses.com\\\/de\\\/\"},{\"@type\":\"ListItem\",\"position\":2,\"name\":\"Die Region\",\"item\":\"https:\\\/\\\/pelopsgreekhouses.com\\\/de\\\/die-region\\\/\"},{\"@type\":\"ListItem\",\"position\":3,\"name\":\"Finikounda\"}]},{\"@type\":\"WebSite\",\"@id\":\"https:\\\/\\\/pelopsgreekhouses.com\\\/de\\\/#website\",\"url\":\"https:\\\/\\\/pelopsgreekhouses.com\\\/de\\\/\",\"name\":\"Pelops Greek Houses\",\"description\":\"Pelops Greek Houses biedt u deskundige begeleiding bij de aankoop van een tweede huis of bouwkavel in Griekenland.\",\"potentialAction\":[{\"@type\":\"SearchAction\",\"target\":{\"@type\":\"EntryPoint\",\"urlTemplate\":\"https:\\\/\\\/pelopsgreekhouses.com\\\/de\\\/?s={search_term_string}\"},\"query-input\":{\"@type\":\"PropertyValueSpecification\",\"valueRequired\":true,\"valueName\":\"search_term_string\"}}],\"inLanguage\":\"de\"}]}<\/script>\n<!-- \/ Yoast SEO plugin. -->","yoast_head_json":{"title":"Finikounda - Pelops Greek Houses","robots":{"index":"index","follow":"follow","max-snippet":"max-snippet:-1","max-image-preview":"max-image-preview:large","max-video-preview":"max-video-preview:-1"},"canonical":"https:\/\/pelopsgreekhouses.com\/de\/die-region\/finikounda\/","og_locale":"de_DE","og_type":"article","og_title":"Finikounda - Pelops Greek Houses","og_description":"Finikounda Das Dorf F\u00ednikounda liegt inmitten von wundersch\u00f6nen Weinbergen und Feldern. Sowohl unter Einheimischen als auch unter Besuchern...","og_url":"https:\/\/pelopsgreekhouses.com\/de\/die-region\/finikounda\/","og_site_name":"Pelops Greek Houses","article_modified_time":"2019-01-16T15:48:56+00:00","og_image":[{"width":849,"height":356,"url":"https:\/\/pelopsgreekhouses.com\/wp-content\/uploads\/2019\/01\/Finikounda-Harbour-Pelops-Greek-Houses-1.jpg","type":"image\/jpeg"}],"twitter_card":"summary_large_image","schema":{"@context":"https:\/\/schema.org","@graph":[{"@type":"WebPage","@id":"https:\/\/pelopsgreekhouses.com\/de\/die-region\/finikounda\/","url":"https:\/\/pelopsgreekhouses.com\/de\/die-region\/finikounda\/","name":"Finikounda - Pelops Greek Houses","isPartOf":{"@id":"https:\/\/pelopsgreekhouses.com\/de\/#website"},"primaryImageOfPage":{"@id":"https:\/\/pelopsgreekhouses.com\/de\/die-region\/finikounda\/#primaryimage"},"image":{"@id":"https:\/\/pelopsgreekhouses.com\/de\/die-region\/finikounda\/#primaryimage"},"thumbnailUrl":"https:\/\/pelopsgreekhouses.com\/wp-content\/uploads\/2019\/01\/Finikounda-Harbour-Pelops-Greek-Houses-1.jpg","datePublished":"2019-01-16T13:09:03+00:00","dateModified":"2019-01-16T15:48:56+00:00","breadcrumb":{"@id":"https:\/\/pelopsgreekhouses.com\/de\/die-region\/finikounda\/#breadcrumb"},"inLanguage":"de","potentialAction":[{"@type":"ReadAction","target":["https:\/\/pelopsgreekhouses.com\/de\/die-region\/finikounda\/"]}]},{"@type":"ImageObject","inLanguage":"de","@id":"https:\/\/pelopsgreekhouses.com\/de\/die-region\/finikounda\/#primaryimage","url":"https:\/\/pelopsgreekhouses.com\/wp-content\/uploads\/2019\/01\/Finikounda-Harbour-Pelops-Greek-Houses-1.jpg","contentUrl":"https:\/\/pelopsgreekhouses.com\/wp-content\/uploads\/2019\/01\/Finikounda-Harbour-Pelops-Greek-Houses-1.jpg","width":849,"height":356,"caption":"OLYMPUS DIGITAL CAMERA"},{"@type":"BreadcrumbList","@id":"https:\/\/pelopsgreekhouses.com\/de\/die-region\/finikounda\/#breadcrumb","itemListElement":[{"@type":"ListItem","position":1,"name":"Home","item":"https:\/\/pelopsgreekhouses.com\/de\/"},{"@type":"ListItem","position":2,"name":"Die Region","item":"https:\/\/pelopsgreekhouses.com\/de\/die-region\/"},{"@type":"ListItem","position":3,"name":"Finikounda"}]},{"@type":"WebSite","@id":"https:\/\/pelopsgreekhouses.com\/de\/#website","url":"https:\/\/pelopsgreekhouses.com\/de\/","name":"Pelops Greek Houses","description":"Pelops Greek Houses biedt u deskundige begeleiding bij de aankoop van een tweede huis of bouwkavel in Griekenland.","potentialAction":[{"@type":"SearchAction","target":{"@type":"EntryPoint","urlTemplate":"https:\/\/pelopsgreekhouses.com\/de\/?s={search_term_string}"},"query-input":{"@type":"PropertyValueSpecification","valueRequired":true,"valueName":"search_term_string"}}],"inLanguage":"de"}]}},"_links":{"self":[{"href":"https:\/\/pelopsgreekhouses.com\/de\/wp-json\/wp\/v2\/pages\/7568","targetHints":{"allow":["GET"]}}],"collection":[{"href":"https:\/\/pelopsgreekhouses.com\/de\/wp-json\/wp\/v2\/pages"}],"about":[{"href":"https:\/\/pelopsgreekhouses.com\/de\/wp-json\/wp\/v2\/types\/page"}],"author":[{"embeddable":true,"href":"https:\/\/pelopsgreekhouses.com\/de\/wp-json\/wp\/v2\/users\/2"}],"replies":[{"embeddable":true,"href":"https:\/\/pelopsgreekhouses.com\/de\/wp-json\/wp\/v2\/comments?post=7568"}],"version-history":[{"count":0,"href":"https:\/\/pelopsgreekhouses.com\/de\/wp-json\/wp\/v2\/pages\/7568\/revisions"}],"up":[{"embeddable":true,"href":"https:\/\/pelopsgreekhouses.com\/de\/wp-json\/wp\/v2\/pages\/7530"}],"wp:featuredmedia":[{"embeddable":true,"href":"https:\/\/pelopsgreekhouses.com\/de\/wp-json\/wp\/v2\/media\/7437"}],"wp:attachment":[{"href":"https:\/\/pelopsgreekhouses.com\/de\/wp-json\/wp\/v2\/media?parent=7568"}],"curies":[{"name":"wp","href":"https:\/\/api.w.org\/{rel}","templated":true}]}}