{"id":7554,"date":"2018-12-17T11:29:20","date_gmt":"2018-12-17T10:29:20","guid":{"rendered":"https:\/\/pelopsgreekhouses.ontwikkelstatus.nl\/die-region\/messinia\/"},"modified":"2020-08-17T10:41:35","modified_gmt":"2020-08-17T08:41:35","slug":"messinia","status":"publish","type":"page","link":"https:\/\/pelopsgreekhouses.com\/de\/die-region\/messinia\/","title":{"rendered":"Messenien"},"content":{"rendered":"<h1>Messenien<\/h1>\n<p>Die Region (departement\/nomi) Messenien ist der s\u00fcdlichste Teil auf der peloponnesischen Halbinsel. Das milde Klima und die vielen Sonnenstunden sorgen f\u00fcr eine \u00e4u\u00dfert fruchtbare Landschaft. B\u00e4ume und Pflanzen bl\u00fchen hier \u00fcberschwenglich. Langgestreckte Sandstr\u00e4nde und felsige K\u00fcsten wechseln sich ab. Zusammen mit dem bergigen Hinterland sorgen sie f\u00fcr ein schillerndes St\u00fcck Paradies auf Erden. Die malerischen D\u00f6rfer und, nicht zu vergessen, ihre Bewohner vervollst\u00e4ndigen die entspannte und ruhige Atmosph\u00e4re. Messenien hat das mildeste Klima auf dem griechischen Festland. Die Monate November bis einschlie\u00dflich Februar sind ungef\u00e4hr vergleichbar mit dem Klima in Tunesien und Algerien. In dieser Periode gewinnt die Landschaft durch einen Hintergrund von schneebedeckten Bergen und klarer Luft an Sch\u00f6nheit. April und Mai sind zweifelsohne die sch\u00f6nsten Monate, wenn viele Pflanzen und B\u00e4ume in der Bl\u00fcte stehen, das Meer ist meistens warm genug, um zu schwimmen und manche Bergkuppen noch schneebedeckt sind.<\/p>\n<div id=\"attachment_7378\" style=\"width: 859px\" class=\"wp-caption alignnone\"><img loading=\"lazy\" decoding=\"async\" aria-describedby=\"caption-attachment-7378\" class=\"size-full wp-image-7378\" src=\"https:\/\/pelopsgreekhouses.com\/wp-content\/uploads\/2019\/01\/Omega-strand.jpg\" alt=\"\" width=\"849\" height=\"356\" srcset=\"https:\/\/pelopsgreekhouses.com\/wp-content\/uploads\/2019\/01\/Omega-strand.jpg 849w, https:\/\/pelopsgreekhouses.com\/wp-content\/uploads\/2019\/01\/Omega-strand-300x126.jpg 300w, https:\/\/pelopsgreekhouses.com\/wp-content\/uploads\/2019\/01\/Omega-strand-768x322.jpg 768w\" sizes=\"auto, (max-width: 849px) 100vw, 849px\" \/><p id=\"caption-attachment-7378\" class=\"wp-caption-text\">OLYMPUS DIGITAL CAMERA<\/p><\/div>\n","protected":false},"excerpt":{"rendered":"<p>Messenien Die Region (departement\/nomi) Messenien ist der s\u00fcdlichste Teil auf der peloponnesischen Halbinsel. Das milde Klima und die&#8230;<\/p>\n","protected":false},"author":1,"featured_media":7343,"parent":7530,"menu_order":2,"comment_status":"closed","ping_status":"closed","template":"","meta":{"_acf_changed":false,"footnotes":""},"class_list":["post-7554","page","type-page","status-publish","has-post-thumbnail","hentry"],"acf":[],"yoast_head":"<!-- This site is optimized with the Yoast SEO plugin v27.4 - https:\/\/yoast.com\/product\/yoast-seo-wordpress\/ -->\n<title>Messenien - Pelops Greek Houses<\/title>\n<meta name=\"robots\" content=\"index, follow, max-snippet:-1, max-image-preview:large, max-video-preview:-1\" \/>\n<link rel=\"canonical\" href=\"https:\/\/pelopsgreekhouses.com\/de\/die-region\/messinia\/\" \/>\n<meta property=\"og:locale\" content=\"de_DE\" \/>\n<meta property=\"og:type\" content=\"article\" \/>\n<meta property=\"og:title\" content=\"Messenien - Pelops Greek Houses\" \/>\n<meta property=\"og:description\" content=\"Messenien Die Region (departement\/nomi) Messenien ist der s\u00fcdlichste Teil auf der peloponnesischen Halbinsel. Das milde Klima und die...\" \/>\n<meta property=\"og:url\" content=\"https:\/\/pelopsgreekhouses.com\/de\/die-region\/messinia\/\" \/>\n<meta property=\"og:site_name\" content=\"Pelops Greek Houses\" \/>\n<meta property=\"article:modified_time\" content=\"2020-08-17T08:41:35+00:00\" \/>\n<meta property=\"og:image\" content=\"https:\/\/pelopsgreekhouses.com\/wp-content\/uploads\/2019\/01\/Messinia-KARDAMILI-III-2.jpg\" \/>\n\t<meta property=\"og:image:width\" content=\"849\" \/>\n\t<meta property=\"og:image:height\" content=\"356\" \/>\n\t<meta property=\"og:image:type\" content=\"image\/jpeg\" \/>\n<meta name=\"twitter:card\" content=\"summary_large_image\" \/>\n<meta name=\"twitter:label1\" content=\"Gesch\u00e4tzte Lesezeit\" \/>\n\t<meta name=\"twitter:data1\" content=\"1\u00a0Minute\" \/>\n<script type=\"application\/ld+json\" class=\"yoast-schema-graph\">{\"@context\":\"https:\\\/\\\/schema.org\",\"@graph\":[{\"@type\":\"WebPage\",\"@id\":\"https:\\\/\\\/pelopsgreekhouses.com\\\/de\\\/die-region\\\/messinia\\\/\",\"url\":\"https:\\\/\\\/pelopsgreekhouses.com\\\/de\\\/die-region\\\/messinia\\\/\",\"name\":\"Messenien - Pelops Greek Houses\",\"isPartOf\":{\"@id\":\"https:\\\/\\\/pelopsgreekhouses.com\\\/de\\\/#website\"},\"primaryImageOfPage\":{\"@id\":\"https:\\\/\\\/pelopsgreekhouses.com\\\/de\\\/die-region\\\/messinia\\\/#primaryimage\"},\"image\":{\"@id\":\"https:\\\/\\\/pelopsgreekhouses.com\\\/de\\\/die-region\\\/messinia\\\/#primaryimage\"},\"thumbnailUrl\":\"https:\\\/\\\/pelopsgreekhouses.com\\\/wp-content\\\/uploads\\\/2019\\\/01\\\/Messinia-KARDAMILI-III-2.jpg\",\"datePublished\":\"2018-12-17T10:29:20+00:00\",\"dateModified\":\"2020-08-17T08:41:35+00:00\",\"breadcrumb\":{\"@id\":\"https:\\\/\\\/pelopsgreekhouses.com\\\/de\\\/die-region\\\/messinia\\\/#breadcrumb\"},\"inLanguage\":\"de\",\"potentialAction\":[{\"@type\":\"ReadAction\",\"target\":[\"https:\\\/\\\/pelopsgreekhouses.com\\\/de\\\/die-region\\\/messinia\\\/\"]}]},{\"@type\":\"ImageObject\",\"inLanguage\":\"de\",\"@id\":\"https:\\\/\\\/pelopsgreekhouses.com\\\/de\\\/die-region\\\/messinia\\\/#primaryimage\",\"url\":\"https:\\\/\\\/pelopsgreekhouses.com\\\/wp-content\\\/uploads\\\/2019\\\/01\\\/Messinia-KARDAMILI-III-2.jpg\",\"contentUrl\":\"https:\\\/\\\/pelopsgreekhouses.com\\\/wp-content\\\/uploads\\\/2019\\\/01\\\/Messinia-KARDAMILI-III-2.jpg\",\"width\":849,\"height\":356},{\"@type\":\"BreadcrumbList\",\"@id\":\"https:\\\/\\\/pelopsgreekhouses.com\\\/de\\\/die-region\\\/messinia\\\/#breadcrumb\",\"itemListElement\":[{\"@type\":\"ListItem\",\"position\":1,\"name\":\"Home\",\"item\":\"https:\\\/\\\/pelopsgreekhouses.com\\\/de\\\/\"},{\"@type\":\"ListItem\",\"position\":2,\"name\":\"Die Region\",\"item\":\"https:\\\/\\\/pelopsgreekhouses.com\\\/de\\\/die-region\\\/\"},{\"@type\":\"ListItem\",\"position\":3,\"name\":\"Messenien\"}]},{\"@type\":\"WebSite\",\"@id\":\"https:\\\/\\\/pelopsgreekhouses.com\\\/de\\\/#website\",\"url\":\"https:\\\/\\\/pelopsgreekhouses.com\\\/de\\\/\",\"name\":\"Pelops Greek Houses\",\"description\":\"Pelops Greek Houses biedt u deskundige begeleiding bij de aankoop van een tweede huis of bouwkavel in Griekenland.\",\"potentialAction\":[{\"@type\":\"SearchAction\",\"target\":{\"@type\":\"EntryPoint\",\"urlTemplate\":\"https:\\\/\\\/pelopsgreekhouses.com\\\/de\\\/?s={search_term_string}\"},\"query-input\":{\"@type\":\"PropertyValueSpecification\",\"valueRequired\":true,\"valueName\":\"search_term_string\"}}],\"inLanguage\":\"de\"}]}<\/script>\n<!-- \/ Yoast SEO plugin. -->","yoast_head_json":{"title":"Messenien - Pelops Greek Houses","robots":{"index":"index","follow":"follow","max-snippet":"max-snippet:-1","max-image-preview":"max-image-preview:large","max-video-preview":"max-video-preview:-1"},"canonical":"https:\/\/pelopsgreekhouses.com\/de\/die-region\/messinia\/","og_locale":"de_DE","og_type":"article","og_title":"Messenien - Pelops Greek Houses","og_description":"Messenien Die Region (departement\/nomi) Messenien ist der s\u00fcdlichste Teil auf der peloponnesischen Halbinsel. Das milde Klima und die...","og_url":"https:\/\/pelopsgreekhouses.com\/de\/die-region\/messinia\/","og_site_name":"Pelops Greek Houses","article_modified_time":"2020-08-17T08:41:35+00:00","og_image":[{"width":849,"height":356,"url":"https:\/\/pelopsgreekhouses.com\/wp-content\/uploads\/2019\/01\/Messinia-KARDAMILI-III-2.jpg","type":"image\/jpeg"}],"twitter_card":"summary_large_image","twitter_misc":{"Gesch\u00e4tzte Lesezeit":"1\u00a0Minute"},"schema":{"@context":"https:\/\/schema.org","@graph":[{"@type":"WebPage","@id":"https:\/\/pelopsgreekhouses.com\/de\/die-region\/messinia\/","url":"https:\/\/pelopsgreekhouses.com\/de\/die-region\/messinia\/","name":"Messenien - Pelops Greek Houses","isPartOf":{"@id":"https:\/\/pelopsgreekhouses.com\/de\/#website"},"primaryImageOfPage":{"@id":"https:\/\/pelopsgreekhouses.com\/de\/die-region\/messinia\/#primaryimage"},"image":{"@id":"https:\/\/pelopsgreekhouses.com\/de\/die-region\/messinia\/#primaryimage"},"thumbnailUrl":"https:\/\/pelopsgreekhouses.com\/wp-content\/uploads\/2019\/01\/Messinia-KARDAMILI-III-2.jpg","datePublished":"2018-12-17T10:29:20+00:00","dateModified":"2020-08-17T08:41:35+00:00","breadcrumb":{"@id":"https:\/\/pelopsgreekhouses.com\/de\/die-region\/messinia\/#breadcrumb"},"inLanguage":"de","potentialAction":[{"@type":"ReadAction","target":["https:\/\/pelopsgreekhouses.com\/de\/die-region\/messinia\/"]}]},{"@type":"ImageObject","inLanguage":"de","@id":"https:\/\/pelopsgreekhouses.com\/de\/die-region\/messinia\/#primaryimage","url":"https:\/\/pelopsgreekhouses.com\/wp-content\/uploads\/2019\/01\/Messinia-KARDAMILI-III-2.jpg","contentUrl":"https:\/\/pelopsgreekhouses.com\/wp-content\/uploads\/2019\/01\/Messinia-KARDAMILI-III-2.jpg","width":849,"height":356},{"@type":"BreadcrumbList","@id":"https:\/\/pelopsgreekhouses.com\/de\/die-region\/messinia\/#breadcrumb","itemListElement":[{"@type":"ListItem","position":1,"name":"Home","item":"https:\/\/pelopsgreekhouses.com\/de\/"},{"@type":"ListItem","position":2,"name":"Die Region","item":"https:\/\/pelopsgreekhouses.com\/de\/die-region\/"},{"@type":"ListItem","position":3,"name":"Messenien"}]},{"@type":"WebSite","@id":"https:\/\/pelopsgreekhouses.com\/de\/#website","url":"https:\/\/pelopsgreekhouses.com\/de\/","name":"Pelops Greek Houses","description":"Pelops Greek Houses biedt u deskundige begeleiding bij de aankoop van een tweede huis of bouwkavel in Griekenland.","potentialAction":[{"@type":"SearchAction","target":{"@type":"EntryPoint","urlTemplate":"https:\/\/pelopsgreekhouses.com\/de\/?s={search_term_string}"},"query-input":{"@type":"PropertyValueSpecification","valueRequired":true,"valueName":"search_term_string"}}],"inLanguage":"de"}]}},"_links":{"self":[{"href":"https:\/\/pelopsgreekhouses.com\/de\/wp-json\/wp\/v2\/pages\/7554","targetHints":{"allow":["GET"]}}],"collection":[{"href":"https:\/\/pelopsgreekhouses.com\/de\/wp-json\/wp\/v2\/pages"}],"about":[{"href":"https:\/\/pelopsgreekhouses.com\/de\/wp-json\/wp\/v2\/types\/page"}],"author":[{"embeddable":true,"href":"https:\/\/pelopsgreekhouses.com\/de\/wp-json\/wp\/v2\/users\/1"}],"replies":[{"embeddable":true,"href":"https:\/\/pelopsgreekhouses.com\/de\/wp-json\/wp\/v2\/comments?post=7554"}],"version-history":[{"count":0,"href":"https:\/\/pelopsgreekhouses.com\/de\/wp-json\/wp\/v2\/pages\/7554\/revisions"}],"up":[{"embeddable":true,"href":"https:\/\/pelopsgreekhouses.com\/de\/wp-json\/wp\/v2\/pages\/7530"}],"wp:featuredmedia":[{"embeddable":true,"href":"https:\/\/pelopsgreekhouses.com\/de\/wp-json\/wp\/v2\/media\/7343"}],"wp:attachment":[{"href":"https:\/\/pelopsgreekhouses.com\/de\/wp-json\/wp\/v2\/media?parent=7554"}],"curies":[{"name":"wp","href":"https:\/\/api.w.org\/{rel}","templated":true}]}}