{"id":7533,"date":"2018-12-17T11:29:06","date_gmt":"2018-12-17T10:29:06","guid":{"rendered":"https:\/\/pelopsgreekhouses.ontwikkelstatus.nl\/die-region\/de-peloponnesos\/"},"modified":"2019-01-16T16:31:40","modified_gmt":"2019-01-16T15:31:40","slug":"die-peloponnese","status":"publish","type":"page","link":"https:\/\/pelopsgreekhouses.com\/de\/die-region\/die-peloponnese\/","title":{"rendered":"Die Peloponnese"},"content":{"rendered":"<h1>Die Peloponnese<\/h1>\n<p>Die Peloponnese (griechisch: pelop\u00f3nissos pelop\u00f3nnisos) Halbinsel liegt s\u00fcdlich von Athen. Der Name Peloponnesischen bedeutet \u201eInsel von Pelops\u201d. Dem Mythos nach ist Pelops ein Sohn der G\u00f6tter, die in l\u00e4ngst vergangenen Zeiten \u00fcber das Gebiet herrschten. Die Peloponnese ist mit seinen 250 km in L\u00e4nge und Breite zweieinhalb mal so gro\u00df wie Kreta und hat ungef\u00e4hr 1.1 Million Einwohner. Es ist eine bergige Landschaft mit Gipfeln \u00fcber 2000 Meter. Fruchtbaren Feldern liegen zwischen den Bergketten. Der Peloponnese hat eine reiche Geschichte und ist die authentischste Teil von Griechenland. mit Ortsnamen wie Nafplio (alte Hauptstadt) Olympia, Sparta, Epidaurus, Mycene und Mystras. Das Innere des Peloponnese besteht aus Berge wo auch Skigebiete sind.<\/p>\n<p><strong>Epidaurus<\/strong><br \/>\nDas Theater von Epidaurus ist eine der besten seiner Art erhalten. Schon in der Antike wurde es f\u00fcr die Harmonie der Proportionen gelobt.<\/p>\n<p><img loading=\"lazy\" decoding=\"async\" src=\"https:\/\/pelopsgreekhouses.com\/userfiles\/Image\/Amfitheater.jpg\" alt=\"\" width=\"849\" height=\"356\" \/><\/p>\n<p><strong>Zitat aus der niederl\u00e4ndischen Zeitschrift &#8222;REISEN&#8220;<\/strong><br \/>\nDie Peloponnese hat alles, was man sich w\u00fcnschen kann: ein robuster und sch\u00f6ner Natur, malerische D\u00f6rfer, eine reiche Geschichte, sch\u00f6ne Str\u00e4nde und ein angenehmes subtropisches Klima gro\u00dfenteils des Jahres.<br \/>\nEs ist einer der sch\u00f6nsten Urlaubsziele in Griechenland.<\/p>\n","protected":false},"excerpt":{"rendered":"<p>Die Peloponnese Die Peloponnese (griechisch: pelop\u00f3nissos pelop\u00f3nnisos) Halbinsel liegt s\u00fcdlich von Athen. Der Name Peloponnesischen bedeutet \u201eInsel von&#8230;<\/p>\n","protected":false},"author":1,"featured_media":7340,"parent":7530,"menu_order":1,"comment_status":"closed","ping_status":"closed","template":"","meta":{"_acf_changed":false,"footnotes":""},"class_list":["post-7533","page","type-page","status-publish","has-post-thumbnail","hentry"],"acf":[],"yoast_head":"<!-- This site is optimized with the Yoast SEO plugin v27.4 - https:\/\/yoast.com\/product\/yoast-seo-wordpress\/ -->\n<title>Die Peloponnese - Pelops Greek Houses<\/title>\n<meta name=\"robots\" content=\"index, follow, max-snippet:-1, max-image-preview:large, max-video-preview:-1\" \/>\n<link rel=\"canonical\" href=\"https:\/\/pelopsgreekhouses.com\/de\/die-region\/die-peloponnese\/\" \/>\n<meta property=\"og:locale\" content=\"de_DE\" \/>\n<meta property=\"og:type\" content=\"article\" \/>\n<meta property=\"og:title\" content=\"Die Peloponnese - Pelops Greek Houses\" \/>\n<meta property=\"og:description\" content=\"Die Peloponnese Die Peloponnese (griechisch: pelop\u00f3nissos pelop\u00f3nnisos) Halbinsel liegt s\u00fcdlich von Athen. Der Name Peloponnesischen bedeutet \u201eInsel von...\" \/>\n<meta property=\"og:url\" content=\"https:\/\/pelopsgreekhouses.com\/de\/die-region\/die-peloponnese\/\" \/>\n<meta property=\"og:site_name\" content=\"Pelops Greek Houses\" \/>\n<meta property=\"article:modified_time\" content=\"2019-01-16T15:31:40+00:00\" \/>\n<meta property=\"og:image\" content=\"https:\/\/pelopsgreekhouses.com\/wp-content\/uploads\/2019\/01\/Messinia-WINTER-7.jpg\" \/>\n\t<meta property=\"og:image:width\" content=\"849\" \/>\n\t<meta property=\"og:image:height\" content=\"356\" \/>\n\t<meta property=\"og:image:type\" content=\"image\/jpeg\" \/>\n<meta name=\"twitter:card\" content=\"summary_large_image\" \/>\n<meta name=\"twitter:label1\" content=\"Gesch\u00e4tzte Lesezeit\" \/>\n\t<meta name=\"twitter:data1\" content=\"1\u00a0Minute\" \/>\n<script type=\"application\/ld+json\" class=\"yoast-schema-graph\">{\"@context\":\"https:\\\/\\\/schema.org\",\"@graph\":[{\"@type\":\"WebPage\",\"@id\":\"https:\\\/\\\/pelopsgreekhouses.com\\\/de\\\/die-region\\\/die-peloponnese\\\/\",\"url\":\"https:\\\/\\\/pelopsgreekhouses.com\\\/de\\\/die-region\\\/die-peloponnese\\\/\",\"name\":\"Die Peloponnese - Pelops Greek Houses\",\"isPartOf\":{\"@id\":\"https:\\\/\\\/pelopsgreekhouses.com\\\/de\\\/#website\"},\"primaryImageOfPage\":{\"@id\":\"https:\\\/\\\/pelopsgreekhouses.com\\\/de\\\/die-region\\\/die-peloponnese\\\/#primaryimage\"},\"image\":{\"@id\":\"https:\\\/\\\/pelopsgreekhouses.com\\\/de\\\/die-region\\\/die-peloponnese\\\/#primaryimage\"},\"thumbnailUrl\":\"https:\\\/\\\/pelopsgreekhouses.com\\\/wp-content\\\/uploads\\\/2019\\\/01\\\/Messinia-WINTER-7.jpg\",\"datePublished\":\"2018-12-17T10:29:06+00:00\",\"dateModified\":\"2019-01-16T15:31:40+00:00\",\"breadcrumb\":{\"@id\":\"https:\\\/\\\/pelopsgreekhouses.com\\\/de\\\/die-region\\\/die-peloponnese\\\/#breadcrumb\"},\"inLanguage\":\"de\",\"potentialAction\":[{\"@type\":\"ReadAction\",\"target\":[\"https:\\\/\\\/pelopsgreekhouses.com\\\/de\\\/die-region\\\/die-peloponnese\\\/\"]}]},{\"@type\":\"ImageObject\",\"inLanguage\":\"de\",\"@id\":\"https:\\\/\\\/pelopsgreekhouses.com\\\/de\\\/die-region\\\/die-peloponnese\\\/#primaryimage\",\"url\":\"https:\\\/\\\/pelopsgreekhouses.com\\\/wp-content\\\/uploads\\\/2019\\\/01\\\/Messinia-WINTER-7.jpg\",\"contentUrl\":\"https:\\\/\\\/pelopsgreekhouses.com\\\/wp-content\\\/uploads\\\/2019\\\/01\\\/Messinia-WINTER-7.jpg\",\"width\":849,\"height\":356,\"caption\":\"de Peloponnesos\"},{\"@type\":\"BreadcrumbList\",\"@id\":\"https:\\\/\\\/pelopsgreekhouses.com\\\/de\\\/die-region\\\/die-peloponnese\\\/#breadcrumb\",\"itemListElement\":[{\"@type\":\"ListItem\",\"position\":1,\"name\":\"Home\",\"item\":\"https:\\\/\\\/pelopsgreekhouses.com\\\/de\\\/\"},{\"@type\":\"ListItem\",\"position\":2,\"name\":\"Die Region\",\"item\":\"https:\\\/\\\/pelopsgreekhouses.com\\\/de\\\/die-region\\\/\"},{\"@type\":\"ListItem\",\"position\":3,\"name\":\"Die Peloponnese\"}]},{\"@type\":\"WebSite\",\"@id\":\"https:\\\/\\\/pelopsgreekhouses.com\\\/de\\\/#website\",\"url\":\"https:\\\/\\\/pelopsgreekhouses.com\\\/de\\\/\",\"name\":\"Pelops Greek Houses\",\"description\":\"Pelops Greek Houses biedt u deskundige begeleiding bij de aankoop van een tweede huis of bouwkavel in Griekenland.\",\"potentialAction\":[{\"@type\":\"SearchAction\",\"target\":{\"@type\":\"EntryPoint\",\"urlTemplate\":\"https:\\\/\\\/pelopsgreekhouses.com\\\/de\\\/?s={search_term_string}\"},\"query-input\":{\"@type\":\"PropertyValueSpecification\",\"valueRequired\":true,\"valueName\":\"search_term_string\"}}],\"inLanguage\":\"de\"}]}<\/script>\n<!-- \/ Yoast SEO plugin. -->","yoast_head_json":{"title":"Die Peloponnese - Pelops Greek Houses","robots":{"index":"index","follow":"follow","max-snippet":"max-snippet:-1","max-image-preview":"max-image-preview:large","max-video-preview":"max-video-preview:-1"},"canonical":"https:\/\/pelopsgreekhouses.com\/de\/die-region\/die-peloponnese\/","og_locale":"de_DE","og_type":"article","og_title":"Die Peloponnese - Pelops Greek Houses","og_description":"Die Peloponnese Die Peloponnese (griechisch: pelop\u00f3nissos pelop\u00f3nnisos) Halbinsel liegt s\u00fcdlich von Athen. Der Name Peloponnesischen bedeutet \u201eInsel von...","og_url":"https:\/\/pelopsgreekhouses.com\/de\/die-region\/die-peloponnese\/","og_site_name":"Pelops Greek Houses","article_modified_time":"2019-01-16T15:31:40+00:00","og_image":[{"width":849,"height":356,"url":"https:\/\/pelopsgreekhouses.com\/wp-content\/uploads\/2019\/01\/Messinia-WINTER-7.jpg","type":"image\/jpeg"}],"twitter_card":"summary_large_image","twitter_misc":{"Gesch\u00e4tzte Lesezeit":"1\u00a0Minute"},"schema":{"@context":"https:\/\/schema.org","@graph":[{"@type":"WebPage","@id":"https:\/\/pelopsgreekhouses.com\/de\/die-region\/die-peloponnese\/","url":"https:\/\/pelopsgreekhouses.com\/de\/die-region\/die-peloponnese\/","name":"Die Peloponnese - Pelops Greek Houses","isPartOf":{"@id":"https:\/\/pelopsgreekhouses.com\/de\/#website"},"primaryImageOfPage":{"@id":"https:\/\/pelopsgreekhouses.com\/de\/die-region\/die-peloponnese\/#primaryimage"},"image":{"@id":"https:\/\/pelopsgreekhouses.com\/de\/die-region\/die-peloponnese\/#primaryimage"},"thumbnailUrl":"https:\/\/pelopsgreekhouses.com\/wp-content\/uploads\/2019\/01\/Messinia-WINTER-7.jpg","datePublished":"2018-12-17T10:29:06+00:00","dateModified":"2019-01-16T15:31:40+00:00","breadcrumb":{"@id":"https:\/\/pelopsgreekhouses.com\/de\/die-region\/die-peloponnese\/#breadcrumb"},"inLanguage":"de","potentialAction":[{"@type":"ReadAction","target":["https:\/\/pelopsgreekhouses.com\/de\/die-region\/die-peloponnese\/"]}]},{"@type":"ImageObject","inLanguage":"de","@id":"https:\/\/pelopsgreekhouses.com\/de\/die-region\/die-peloponnese\/#primaryimage","url":"https:\/\/pelopsgreekhouses.com\/wp-content\/uploads\/2019\/01\/Messinia-WINTER-7.jpg","contentUrl":"https:\/\/pelopsgreekhouses.com\/wp-content\/uploads\/2019\/01\/Messinia-WINTER-7.jpg","width":849,"height":356,"caption":"de Peloponnesos"},{"@type":"BreadcrumbList","@id":"https:\/\/pelopsgreekhouses.com\/de\/die-region\/die-peloponnese\/#breadcrumb","itemListElement":[{"@type":"ListItem","position":1,"name":"Home","item":"https:\/\/pelopsgreekhouses.com\/de\/"},{"@type":"ListItem","position":2,"name":"Die Region","item":"https:\/\/pelopsgreekhouses.com\/de\/die-region\/"},{"@type":"ListItem","position":3,"name":"Die Peloponnese"}]},{"@type":"WebSite","@id":"https:\/\/pelopsgreekhouses.com\/de\/#website","url":"https:\/\/pelopsgreekhouses.com\/de\/","name":"Pelops Greek Houses","description":"Pelops Greek Houses biedt u deskundige begeleiding bij de aankoop van een tweede huis of bouwkavel in Griekenland.","potentialAction":[{"@type":"SearchAction","target":{"@type":"EntryPoint","urlTemplate":"https:\/\/pelopsgreekhouses.com\/de\/?s={search_term_string}"},"query-input":{"@type":"PropertyValueSpecification","valueRequired":true,"valueName":"search_term_string"}}],"inLanguage":"de"}]}},"_links":{"self":[{"href":"https:\/\/pelopsgreekhouses.com\/de\/wp-json\/wp\/v2\/pages\/7533","targetHints":{"allow":["GET"]}}],"collection":[{"href":"https:\/\/pelopsgreekhouses.com\/de\/wp-json\/wp\/v2\/pages"}],"about":[{"href":"https:\/\/pelopsgreekhouses.com\/de\/wp-json\/wp\/v2\/types\/page"}],"author":[{"embeddable":true,"href":"https:\/\/pelopsgreekhouses.com\/de\/wp-json\/wp\/v2\/users\/1"}],"replies":[{"embeddable":true,"href":"https:\/\/pelopsgreekhouses.com\/de\/wp-json\/wp\/v2\/comments?post=7533"}],"version-history":[{"count":0,"href":"https:\/\/pelopsgreekhouses.com\/de\/wp-json\/wp\/v2\/pages\/7533\/revisions"}],"up":[{"embeddable":true,"href":"https:\/\/pelopsgreekhouses.com\/de\/wp-json\/wp\/v2\/pages\/7530"}],"wp:featuredmedia":[{"embeddable":true,"href":"https:\/\/pelopsgreekhouses.com\/de\/wp-json\/wp\/v2\/media\/7340"}],"wp:attachment":[{"href":"https:\/\/pelopsgreekhouses.com\/de\/wp-json\/wp\/v2\/media?parent=7533"}],"curies":[{"name":"wp","href":"https:\/\/api.w.org\/{rel}","templated":true}]}}