{"id":7524,"date":"2019-01-16T15:31:11","date_gmt":"2019-01-16T14:31:11","guid":{"rendered":"https:\/\/pelopsgreekhouses.ontwikkelstatus.nl\/over-ons\/"},"modified":"2026-03-11T11:16:06","modified_gmt":"2026-03-11T10:16:06","slug":"uber-uns","status":"publish","type":"page","link":"https:\/\/pelopsgreekhouses.com\/de\/uber-uns\/","title":{"rendered":"Uber uns"},"content":{"rendered":"<h1><img loading=\"lazy\" decoding=\"async\" class=\"alignnone size-full wp-image-7373\" src=\"https:\/\/pelopsgreekhouses.com\/wp-content\/uploads\/2019\/01\/Over-ons.jpg\" alt=\"\" width=\"849\" height=\"356\" srcset=\"https:\/\/pelopsgreekhouses.com\/wp-content\/uploads\/2019\/01\/Over-ons.jpg 849w, https:\/\/pelopsgreekhouses.com\/wp-content\/uploads\/2019\/01\/Over-ons-300x126.jpg 300w, https:\/\/pelopsgreekhouses.com\/wp-content\/uploads\/2019\/01\/Over-ons-768x322.jpg 768w\" sizes=\"auto, (max-width: 849px) 100vw, 849px\" \/><\/h1>\n<h1>Pers\u00f6nliche und unabh\u00e4ngig Begleitung zu den ganzen Kaufprozess in Griechenland<\/h1>\n<p><img loading=\"lazy\" decoding=\"async\" class=\"alignnone wp-image-28472 size-full\" src=\"https:\/\/pelopsgreekhouses.com\/wp-content\/uploads\/2021\/02\/IMG_6465.jpg\" alt=\"\" width=\"849\" height=\"356\" srcset=\"https:\/\/pelopsgreekhouses.com\/wp-content\/uploads\/2021\/02\/IMG_6465.jpg 849w, https:\/\/pelopsgreekhouses.com\/wp-content\/uploads\/2021\/02\/IMG_6465-300x126.jpg 300w, https:\/\/pelopsgreekhouses.com\/wp-content\/uploads\/2021\/02\/IMG_6465-768x322.jpg 768w\" sizes=\"auto, (max-width: 849px) 100vw, 849px\" \/><\/p>\n<p><strong>Eines Teams von Fachleuten<\/strong><br \/>\nPelops Greek Houses war ein Ansprechpartner und Koordinator eines Teams von Fachleuten. Dieses Team besteht aus zuverl\u00e4ssigen Spezialisten, wie Notaren, Anw\u00e4lten, Makler, beeidigten \u00dcbersetzer, Bauingenieuren, Architekten und nat\u00fcrliche Ortskundigen aus der Region selbst. Wir begleiten den gesamten Prozess sorgf\u00e4ltig, damit Sie Ihr eigenes St\u00fcck Paradies unter griechischer Sonne realisieren k\u00f6nnen.<\/p>\n<p>&nbsp;<\/p>\n<p>&nbsp;<\/p>\n","protected":false},"excerpt":{"rendered":"<p>Pers\u00f6nliche und unabh\u00e4ngig Begleitung zu den ganzen Kaufprozess in Griechenland Eines Teams von Fachleuten Pelops Greek Houses war&#8230;<\/p>\n","protected":false},"author":3,"featured_media":0,"parent":0,"menu_order":2,"comment_status":"closed","ping_status":"closed","template":"","meta":{"_acf_changed":false,"footnotes":""},"class_list":["post-7524","page","type-page","status-publish","hentry"],"acf":[],"yoast_head":"<!-- This site is optimized with the Yoast SEO plugin v27.3 - https:\/\/yoast.com\/product\/yoast-seo-wordpress\/ -->\n<title>Uber uns - Pelops Greek Houses<\/title>\n<meta name=\"description\" content=\"Wir begleiten den gesamten Prozess sorgf\u00e4ltig, damit Sie Ihr eigenes St\u00fcck Paradies unter griechischer Sonne realisieren k\u00f6nnen.\" \/>\n<meta name=\"robots\" content=\"index, follow, max-snippet:-1, max-image-preview:large, max-video-preview:-1\" \/>\n<link rel=\"canonical\" href=\"https:\/\/pelopsgreekhouses.com\/de\/uber-uns\/\" \/>\n<meta property=\"og:locale\" content=\"de_DE\" \/>\n<meta property=\"og:type\" content=\"article\" \/>\n<meta property=\"og:title\" content=\"Uber uns - Pelops Greek Houses\" \/>\n<meta property=\"og:description\" content=\"Wir begleiten den gesamten Prozess sorgf\u00e4ltig, damit Sie Ihr eigenes St\u00fcck Paradies unter griechischer Sonne realisieren k\u00f6nnen.\" \/>\n<meta property=\"og:url\" content=\"https:\/\/pelopsgreekhouses.com\/de\/uber-uns\/\" \/>\n<meta property=\"og:site_name\" content=\"Pelops Greek Houses\" \/>\n<meta property=\"article:modified_time\" content=\"2026-03-11T10:16:06+00:00\" \/>\n<meta property=\"og:image\" content=\"https:\/\/pelopsgreekhouses.com\/wp-content\/uploads\/2019\/01\/Over-ons.jpg\" \/>\n\t<meta property=\"og:image:width\" content=\"849\" \/>\n\t<meta property=\"og:image:height\" content=\"356\" \/>\n\t<meta property=\"og:image:type\" content=\"image\/jpeg\" \/>\n<meta name=\"twitter:card\" content=\"summary_large_image\" \/>\n<meta name=\"twitter:label1\" content=\"Gesch\u00e4tzte Lesezeit\" \/>\n\t<meta name=\"twitter:data1\" content=\"1\u00a0Minute\" \/>\n<script type=\"application\/ld+json\" class=\"yoast-schema-graph\">{\"@context\":\"https:\\\/\\\/schema.org\",\"@graph\":[{\"@type\":\"WebPage\",\"@id\":\"https:\\\/\\\/pelopsgreekhouses.com\\\/de\\\/uber-uns\\\/\",\"url\":\"https:\\\/\\\/pelopsgreekhouses.com\\\/de\\\/uber-uns\\\/\",\"name\":\"Uber uns - Pelops Greek Houses\",\"isPartOf\":{\"@id\":\"https:\\\/\\\/pelopsgreekhouses.com\\\/de\\\/#website\"},\"primaryImageOfPage\":{\"@id\":\"https:\\\/\\\/pelopsgreekhouses.com\\\/de\\\/uber-uns\\\/#primaryimage\"},\"image\":{\"@id\":\"https:\\\/\\\/pelopsgreekhouses.com\\\/de\\\/uber-uns\\\/#primaryimage\"},\"thumbnailUrl\":\"https:\\\/\\\/pelopsgreekhouses.com\\\/wp-content\\\/uploads\\\/2019\\\/01\\\/Over-ons.jpg\",\"datePublished\":\"2019-01-16T14:31:11+00:00\",\"dateModified\":\"2026-03-11T10:16:06+00:00\",\"description\":\"Wir begleiten den gesamten Prozess sorgf\u00e4ltig, damit Sie Ihr eigenes St\u00fcck Paradies unter griechischer Sonne realisieren k\u00f6nnen.\",\"breadcrumb\":{\"@id\":\"https:\\\/\\\/pelopsgreekhouses.com\\\/de\\\/uber-uns\\\/#breadcrumb\"},\"inLanguage\":\"de\",\"potentialAction\":[{\"@type\":\"ReadAction\",\"target\":[\"https:\\\/\\\/pelopsgreekhouses.com\\\/de\\\/uber-uns\\\/\"]}]},{\"@type\":\"ImageObject\",\"inLanguage\":\"de\",\"@id\":\"https:\\\/\\\/pelopsgreekhouses.com\\\/de\\\/uber-uns\\\/#primaryimage\",\"url\":\"https:\\\/\\\/pelopsgreekhouses.com\\\/wp-content\\\/uploads\\\/2019\\\/01\\\/Over-ons.jpg\",\"contentUrl\":\"https:\\\/\\\/pelopsgreekhouses.com\\\/wp-content\\\/uploads\\\/2019\\\/01\\\/Over-ons.jpg\"},{\"@type\":\"BreadcrumbList\",\"@id\":\"https:\\\/\\\/pelopsgreekhouses.com\\\/de\\\/uber-uns\\\/#breadcrumb\",\"itemListElement\":[{\"@type\":\"ListItem\",\"position\":1,\"name\":\"Home\",\"item\":\"https:\\\/\\\/pelopsgreekhouses.com\\\/de\\\/\"},{\"@type\":\"ListItem\",\"position\":2,\"name\":\"Uber uns\"}]},{\"@type\":\"WebSite\",\"@id\":\"https:\\\/\\\/pelopsgreekhouses.com\\\/de\\\/#website\",\"url\":\"https:\\\/\\\/pelopsgreekhouses.com\\\/de\\\/\",\"name\":\"Pelops Greek Houses\",\"description\":\"Pelops Greek Houses biedt u deskundige begeleiding bij de aankoop van een tweede huis of bouwkavel in Griekenland.\",\"potentialAction\":[{\"@type\":\"SearchAction\",\"target\":{\"@type\":\"EntryPoint\",\"urlTemplate\":\"https:\\\/\\\/pelopsgreekhouses.com\\\/de\\\/?s={search_term_string}\"},\"query-input\":{\"@type\":\"PropertyValueSpecification\",\"valueRequired\":true,\"valueName\":\"search_term_string\"}}],\"inLanguage\":\"de\"}]}<\/script>\n<!-- \/ Yoast SEO plugin. -->","yoast_head_json":{"title":"Uber uns - Pelops Greek Houses","description":"Wir begleiten den gesamten Prozess sorgf\u00e4ltig, damit Sie Ihr eigenes St\u00fcck Paradies unter griechischer Sonne realisieren k\u00f6nnen.","robots":{"index":"index","follow":"follow","max-snippet":"max-snippet:-1","max-image-preview":"max-image-preview:large","max-video-preview":"max-video-preview:-1"},"canonical":"https:\/\/pelopsgreekhouses.com\/de\/uber-uns\/","og_locale":"de_DE","og_type":"article","og_title":"Uber uns - Pelops Greek Houses","og_description":"Wir begleiten den gesamten Prozess sorgf\u00e4ltig, damit Sie Ihr eigenes St\u00fcck Paradies unter griechischer Sonne realisieren k\u00f6nnen.","og_url":"https:\/\/pelopsgreekhouses.com\/de\/uber-uns\/","og_site_name":"Pelops Greek Houses","article_modified_time":"2026-03-11T10:16:06+00:00","og_image":[{"width":849,"height":356,"url":"https:\/\/pelopsgreekhouses.com\/wp-content\/uploads\/2019\/01\/Over-ons.jpg","type":"image\/jpeg"}],"twitter_card":"summary_large_image","twitter_misc":{"Gesch\u00e4tzte Lesezeit":"1\u00a0Minute"},"schema":{"@context":"https:\/\/schema.org","@graph":[{"@type":"WebPage","@id":"https:\/\/pelopsgreekhouses.com\/de\/uber-uns\/","url":"https:\/\/pelopsgreekhouses.com\/de\/uber-uns\/","name":"Uber uns - Pelops Greek Houses","isPartOf":{"@id":"https:\/\/pelopsgreekhouses.com\/de\/#website"},"primaryImageOfPage":{"@id":"https:\/\/pelopsgreekhouses.com\/de\/uber-uns\/#primaryimage"},"image":{"@id":"https:\/\/pelopsgreekhouses.com\/de\/uber-uns\/#primaryimage"},"thumbnailUrl":"https:\/\/pelopsgreekhouses.com\/wp-content\/uploads\/2019\/01\/Over-ons.jpg","datePublished":"2019-01-16T14:31:11+00:00","dateModified":"2026-03-11T10:16:06+00:00","description":"Wir begleiten den gesamten Prozess sorgf\u00e4ltig, damit Sie Ihr eigenes St\u00fcck Paradies unter griechischer Sonne realisieren k\u00f6nnen.","breadcrumb":{"@id":"https:\/\/pelopsgreekhouses.com\/de\/uber-uns\/#breadcrumb"},"inLanguage":"de","potentialAction":[{"@type":"ReadAction","target":["https:\/\/pelopsgreekhouses.com\/de\/uber-uns\/"]}]},{"@type":"ImageObject","inLanguage":"de","@id":"https:\/\/pelopsgreekhouses.com\/de\/uber-uns\/#primaryimage","url":"https:\/\/pelopsgreekhouses.com\/wp-content\/uploads\/2019\/01\/Over-ons.jpg","contentUrl":"https:\/\/pelopsgreekhouses.com\/wp-content\/uploads\/2019\/01\/Over-ons.jpg"},{"@type":"BreadcrumbList","@id":"https:\/\/pelopsgreekhouses.com\/de\/uber-uns\/#breadcrumb","itemListElement":[{"@type":"ListItem","position":1,"name":"Home","item":"https:\/\/pelopsgreekhouses.com\/de\/"},{"@type":"ListItem","position":2,"name":"Uber uns"}]},{"@type":"WebSite","@id":"https:\/\/pelopsgreekhouses.com\/de\/#website","url":"https:\/\/pelopsgreekhouses.com\/de\/","name":"Pelops Greek Houses","description":"Pelops Greek Houses biedt u deskundige begeleiding bij de aankoop van een tweede huis of bouwkavel in Griekenland.","potentialAction":[{"@type":"SearchAction","target":{"@type":"EntryPoint","urlTemplate":"https:\/\/pelopsgreekhouses.com\/de\/?s={search_term_string}"},"query-input":{"@type":"PropertyValueSpecification","valueRequired":true,"valueName":"search_term_string"}}],"inLanguage":"de"}]}},"_links":{"self":[{"href":"https:\/\/pelopsgreekhouses.com\/de\/wp-json\/wp\/v2\/pages\/7524","targetHints":{"allow":["GET"]}}],"collection":[{"href":"https:\/\/pelopsgreekhouses.com\/de\/wp-json\/wp\/v2\/pages"}],"about":[{"href":"https:\/\/pelopsgreekhouses.com\/de\/wp-json\/wp\/v2\/types\/page"}],"author":[{"embeddable":true,"href":"https:\/\/pelopsgreekhouses.com\/de\/wp-json\/wp\/v2\/users\/3"}],"replies":[{"embeddable":true,"href":"https:\/\/pelopsgreekhouses.com\/de\/wp-json\/wp\/v2\/comments?post=7524"}],"version-history":[{"count":1,"href":"https:\/\/pelopsgreekhouses.com\/de\/wp-json\/wp\/v2\/pages\/7524\/revisions"}],"predecessor-version":[{"id":34400,"href":"https:\/\/pelopsgreekhouses.com\/de\/wp-json\/wp\/v2\/pages\/7524\/revisions\/34400"}],"wp:attachment":[{"href":"https:\/\/pelopsgreekhouses.com\/de\/wp-json\/wp\/v2\/media?parent=7524"}],"curies":[{"name":"wp","href":"https:\/\/api.w.org\/{rel}","templated":true}]}}