{"id":22447,"date":"2018-12-17T11:30:07","date_gmt":"2018-12-17T10:30:07","guid":{"rendered":"https:\/\/pelopsgreekhouses.com\/reis\/"},"modified":"2021-06-03T10:32:44","modified_gmt":"2021-06-03T08:32:44","slug":"reis","status":"publish","type":"page","link":"https:\/\/pelopsgreekhouses.com\/de\/reis\/","title":{"rendered":"Reise"},"content":{"rendered":"<p><img decoding=\"async\" class=\"alignnone size-full wp-image-7473\" src=\"\/wp-content\/uploads\/2019\/01\/Reis.jpg\" alt=\"\" width=\"849\" srcset=\"https:\/\/pelopsgreekhouses.com\/wp-content\/uploads\/2019\/01\/Reis.jpg 849w, https:\/\/pelopsgreekhouses.com\/wp-content\/uploads\/2019\/01\/Reis-300x126.jpg 300w, https:\/\/pelopsgreekhouses.com\/wp-content\/uploads\/2019\/01\/Reis-768x322.jpg 768w\" sizes=\"(max-width: 849px) 100vw, 849px\" \/><\/p>\n<h1>Reise nach griechenland, Messenien<\/h1>\n<p><strong>Kombination Auto \/Ferry:<\/strong><\/p>\n<p><a href=\"http:\/\/www.superfast.com\" target=\"_blank\" rel=\"noopener noreferrer\">www.superfast.com<\/a><br \/>\n<a href=\"http:\/\/www.anek.gr\" target=\"_blank\" rel=\"noopener noreferrer\">www.anek.gr<\/a><br \/>\n<a href=\"http:\/\/www.minoan.gr\" target=\"_blank\" rel=\"noopener noreferrer\">www.minoan.gr<\/a><\/p>\n<p><strong>Fluge nach Kalamata<\/strong><br \/>\nAegean Airlines: von M\u00fcnchen, Paris, Moskau,   Stockholm, Athen.<br \/>\nAstra Airlines: von Thessalon\u00edki.<br \/>\nAustrian Airlines: von Wien.<br \/>\nBritish Airways: von London-Heathrow.<br \/>\nCondor: von M\u00fcnchen, Frankfurt, D\u00fcsseldorf.<br \/>\nGermania: von London.<br \/>\nEasyjet: von London.<br \/>\nNiki Fly: von Wien.<br \/>\nTravel Services: von Prag.<br \/>\nTransavia: von Amsterdam.<br \/>\nRyanair: von Mailand.<br \/>\nScandinavian Airlines: von Oslo.<\/p>\n<p><strong>Nach Athen:<\/strong><br \/>\nAir China M\u00fcnchen-Athen <a href=\"http:\/\/www.airchina.de\" target=\"_blank\" rel=\"noopener noreferrer\">www.airchina.de<\/a><br \/>\nLufthansa- M\u00fcnchen-Athen www.lufthansa.com<br \/>\nGermanwings Billigfl\u00fcge K\u00f6ln-Athen <a href=\"http:\/\/www.germanwings.com\/\">www.germanwings.com<\/a><br \/>\nEasyjetBilligfl\u00fcge Berlin-Athen <a href=\"http:\/\/www.easyjet.com\/\" target=\"_blank\" rel=\"noopener noreferrer\">www.easyjet.com<\/a><br \/>\nUnd nat\u00fcrlich t\u00e4glich MUC\/DUS\/FRA-Athen mit <a href=\"http:\/\/www.aegeanairlines.com\" target=\"_blank\" rel=\"noopener noreferrer\">Aegean Airlines<\/a><\/p>\n<p>Von Flughafen Kalamata f\u00e4hrt man noch ungef\u00e4hr 50 Minuten nach Kor\u00f3ni oder Pylos. Vom Flughafen Araxos\/Patras f\u00e4hrt man ungef\u00e4hr 2 Stunden nach Pylos. Vom Flughafen Athen aus f\u00e4hrt man ungef\u00e4hr 3.5 Stunden nach Pylos oder Kor\u00f3ni Schnellstra\u00dfe von Athen nach Kalamata.<\/p>\n<p>G\u00fcnstige Preise Mietwagen <a href=\"https:\/\/web.archive.org\/web\/20150628070714\/http:\/\/www.autoeurope.de\/\" target=\"_blank\" rel=\"noopener noreferrer\">www.enterprise.com<\/a><\/p>\n<p><strong>Kalo Taxidi (eine Gute Reise)<\/strong><\/p>\n","protected":false},"excerpt":{"rendered":"<p>Reise nach griechenland, Messenien Kombination Auto \/Ferry: www.superfast.com www.anek.gr www.minoan.gr Fluge nach Kalamata Aegean Airlines: von M\u00fcnchen, Paris,&#8230;<\/p>\n","protected":false},"author":1,"featured_media":0,"parent":0,"menu_order":5,"comment_status":"closed","ping_status":"closed","template":"","meta":{"_acf_changed":false,"footnotes":""},"class_list":["post-22447","page","type-page","status-publish","hentry"],"acf":[],"yoast_head":"<!-- This site is optimized with the Yoast SEO plugin v27.3 - https:\/\/yoast.com\/product\/yoast-seo-wordpress\/ -->\n<title>Reise - Pelops Greek Houses<\/title>\n<meta name=\"robots\" content=\"index, follow, max-snippet:-1, max-image-preview:large, max-video-preview:-1\" \/>\n<link rel=\"canonical\" href=\"https:\/\/pelopsgreekhouses.com\/de\/reis\/\" \/>\n<meta property=\"og:locale\" content=\"de_DE\" \/>\n<meta property=\"og:type\" content=\"article\" \/>\n<meta property=\"og:title\" content=\"Reise - Pelops Greek Houses\" \/>\n<meta property=\"og:description\" content=\"Reise nach griechenland, Messenien Kombination Auto \/Ferry: www.superfast.com www.anek.gr www.minoan.gr Fluge nach Kalamata Aegean Airlines: von M\u00fcnchen, Paris,...\" \/>\n<meta property=\"og:url\" content=\"https:\/\/pelopsgreekhouses.com\/de\/reis\/\" \/>\n<meta property=\"og:site_name\" content=\"Pelops Greek Houses\" \/>\n<meta property=\"article:modified_time\" content=\"2021-06-03T08:32:44+00:00\" \/>\n<meta property=\"og:image\" content=\"https:\/\/pelopsgreekhouses.com\/wp-content\/uploads\/2019\/01\/Reis.jpg\" \/>\n<meta name=\"twitter:card\" content=\"summary_large_image\" \/>\n<meta name=\"twitter:label1\" content=\"Gesch\u00e4tzte Lesezeit\" \/>\n\t<meta name=\"twitter:data1\" content=\"1\u00a0Minute\" \/>\n<script type=\"application\/ld+json\" class=\"yoast-schema-graph\">{\"@context\":\"https:\\\/\\\/schema.org\",\"@graph\":[{\"@type\":\"WebPage\",\"@id\":\"https:\\\/\\\/pelopsgreekhouses.com\\\/de\\\/reis\\\/\",\"url\":\"https:\\\/\\\/pelopsgreekhouses.com\\\/de\\\/reis\\\/\",\"name\":\"Reise - Pelops Greek Houses\",\"isPartOf\":{\"@id\":\"https:\\\/\\\/pelopsgreekhouses.com\\\/de\\\/#website\"},\"datePublished\":\"2018-12-17T10:30:07+00:00\",\"dateModified\":\"2021-06-03T08:32:44+00:00\",\"breadcrumb\":{\"@id\":\"https:\\\/\\\/pelopsgreekhouses.com\\\/de\\\/reis\\\/#breadcrumb\"},\"inLanguage\":\"de\",\"potentialAction\":[{\"@type\":\"ReadAction\",\"target\":[\"https:\\\/\\\/pelopsgreekhouses.com\\\/de\\\/reis\\\/\"]}]},{\"@type\":\"BreadcrumbList\",\"@id\":\"https:\\\/\\\/pelopsgreekhouses.com\\\/de\\\/reis\\\/#breadcrumb\",\"itemListElement\":[{\"@type\":\"ListItem\",\"position\":1,\"name\":\"Home\",\"item\":\"https:\\\/\\\/pelopsgreekhouses.com\\\/de\\\/\"},{\"@type\":\"ListItem\",\"position\":2,\"name\":\"Reise\"}]},{\"@type\":\"WebSite\",\"@id\":\"https:\\\/\\\/pelopsgreekhouses.com\\\/de\\\/#website\",\"url\":\"https:\\\/\\\/pelopsgreekhouses.com\\\/de\\\/\",\"name\":\"Pelops Greek Houses\",\"description\":\"Pelops Greek Houses biedt u deskundige begeleiding bij de aankoop van een tweede huis of bouwkavel in Griekenland.\",\"potentialAction\":[{\"@type\":\"SearchAction\",\"target\":{\"@type\":\"EntryPoint\",\"urlTemplate\":\"https:\\\/\\\/pelopsgreekhouses.com\\\/de\\\/?s={search_term_string}\"},\"query-input\":{\"@type\":\"PropertyValueSpecification\",\"valueRequired\":true,\"valueName\":\"search_term_string\"}}],\"inLanguage\":\"de\"}]}<\/script>\n<!-- \/ Yoast SEO plugin. -->","yoast_head_json":{"title":"Reise - Pelops Greek Houses","robots":{"index":"index","follow":"follow","max-snippet":"max-snippet:-1","max-image-preview":"max-image-preview:large","max-video-preview":"max-video-preview:-1"},"canonical":"https:\/\/pelopsgreekhouses.com\/de\/reis\/","og_locale":"de_DE","og_type":"article","og_title":"Reise - Pelops Greek Houses","og_description":"Reise nach griechenland, Messenien Kombination Auto \/Ferry: www.superfast.com www.anek.gr www.minoan.gr Fluge nach Kalamata Aegean Airlines: von M\u00fcnchen, Paris,...","og_url":"https:\/\/pelopsgreekhouses.com\/de\/reis\/","og_site_name":"Pelops Greek Houses","article_modified_time":"2021-06-03T08:32:44+00:00","og_image":[{"url":"https:\/\/pelopsgreekhouses.com\/wp-content\/uploads\/2019\/01\/Reis.jpg","type":"","width":"","height":""}],"twitter_card":"summary_large_image","twitter_misc":{"Gesch\u00e4tzte Lesezeit":"1\u00a0Minute"},"schema":{"@context":"https:\/\/schema.org","@graph":[{"@type":"WebPage","@id":"https:\/\/pelopsgreekhouses.com\/de\/reis\/","url":"https:\/\/pelopsgreekhouses.com\/de\/reis\/","name":"Reise - Pelops Greek Houses","isPartOf":{"@id":"https:\/\/pelopsgreekhouses.com\/de\/#website"},"datePublished":"2018-12-17T10:30:07+00:00","dateModified":"2021-06-03T08:32:44+00:00","breadcrumb":{"@id":"https:\/\/pelopsgreekhouses.com\/de\/reis\/#breadcrumb"},"inLanguage":"de","potentialAction":[{"@type":"ReadAction","target":["https:\/\/pelopsgreekhouses.com\/de\/reis\/"]}]},{"@type":"BreadcrumbList","@id":"https:\/\/pelopsgreekhouses.com\/de\/reis\/#breadcrumb","itemListElement":[{"@type":"ListItem","position":1,"name":"Home","item":"https:\/\/pelopsgreekhouses.com\/de\/"},{"@type":"ListItem","position":2,"name":"Reise"}]},{"@type":"WebSite","@id":"https:\/\/pelopsgreekhouses.com\/de\/#website","url":"https:\/\/pelopsgreekhouses.com\/de\/","name":"Pelops Greek Houses","description":"Pelops Greek Houses biedt u deskundige begeleiding bij de aankoop van een tweede huis of bouwkavel in Griekenland.","potentialAction":[{"@type":"SearchAction","target":{"@type":"EntryPoint","urlTemplate":"https:\/\/pelopsgreekhouses.com\/de\/?s={search_term_string}"},"query-input":{"@type":"PropertyValueSpecification","valueRequired":true,"valueName":"search_term_string"}}],"inLanguage":"de"}]}},"_links":{"self":[{"href":"https:\/\/pelopsgreekhouses.com\/de\/wp-json\/wp\/v2\/pages\/22447","targetHints":{"allow":["GET"]}}],"collection":[{"href":"https:\/\/pelopsgreekhouses.com\/de\/wp-json\/wp\/v2\/pages"}],"about":[{"href":"https:\/\/pelopsgreekhouses.com\/de\/wp-json\/wp\/v2\/types\/page"}],"author":[{"embeddable":true,"href":"https:\/\/pelopsgreekhouses.com\/de\/wp-json\/wp\/v2\/users\/1"}],"replies":[{"embeddable":true,"href":"https:\/\/pelopsgreekhouses.com\/de\/wp-json\/wp\/v2\/comments?post=22447"}],"version-history":[{"count":0,"href":"https:\/\/pelopsgreekhouses.com\/de\/wp-json\/wp\/v2\/pages\/22447\/revisions"}],"wp:attachment":[{"href":"https:\/\/pelopsgreekhouses.com\/de\/wp-json\/wp\/v2\/media?parent=22447"}],"curies":[{"name":"wp","href":"https:\/\/api.w.org\/{rel}","templated":true}]}}